{"id":871,"date":"2025-06-27T18:02:15","date_gmt":"2025-06-27T15:02:15","guid":{"rendered":"https:\/\/ogvalmennus.fi\/?page_id=871"},"modified":"2025-12-17T16:03:07","modified_gmt":"2025-12-17T13:03:07","slug":"hinnoittelu","status":"publish","type":"page","link":"https:\/\/ogvalmennus.fi\/en\/hinnoittelu\/","title":{"rendered":"Pricing"},"content":{"rendered":"<div data-elementor-type=\"wp-page\" data-elementor-id=\"871\" class=\"elementor elementor-871\" data-elementor-post-type=\"page\">\n\t\t\t\t<div class=\"elementor-element elementor-element-7cc747d3 e-flex e-con-boxed e-con e-parent\" data-id=\"7cc747d3\" data-element_type=\"container\">\n\t\t\t\t\t<div class=\"e-con-inner\">\n\t\t<div class=\"elementor-element elementor-element-ce2f39b e-con-full e-flex e-con e-child\" data-id=\"ce2f39b\" data-element_type=\"container\">\n\t\t\t\t<div class=\"elementor-element elementor-element-a3ba378 elementor-widget elementor-widget-heading\" data-id=\"a3ba378\" data-element_type=\"widget\" data-widget_type=\"heading.default\">\n\t\t\t\t<div class=\"elementor-widget-container\">\n\t\t\t\t\t<h1 class=\"elementor-heading-title elementor-size-default\">Pricing<\/h1>\t\t\t\t<\/div>\n\t\t\t\t<\/div>\n\t\t\t\t<div class=\"elementor-element elementor-element-555e06e3 elementor-widget elementor-widget-text-editor\" data-id=\"555e06e3\" data-element_type=\"widget\" data-widget_type=\"text-editor.default\">\n\t\t\t\t<div class=\"elementor-widget-container\">\n\t\t\t\t\t\t\t\t\t<p class=\"translation-block\">OG Valmennus offers both individual coaching and group coaching. Below you can find more information about our coaching pricing.<\/p>\n<p><a href=\"\/en\/asiantuntijamme\/\">Meet our experts<\/a><\/p>\n<h2 class=\"wp-block-heading\">Individual coaching<\/h2>\n<p data-start=\"220\" data-end=\"408\">Yksil\u00f6valmennus on luottamuksellinen tuki jaksamiseen, kuormituksen hallintaan ja palautumiseen. Valitse sopiva vaihtoehto tai varaa maksuton tutustumiskeskustelu, niin autamme valinnassa.<\/p>\n<p><!-- \/wp:paragraph --><!-- wp:heading --><!-- \/wp:paragraph --><!-- wp:buttons --><!-- \/wp:buttons --><!-- wp:paragraph --><!-- \/wp:paragraph --><!-- wp:paragraph --><!-- \/wp:paragraph --><\/p>\t\t\t\t\t\t\t\t<\/div>\n\t\t\t\t<\/div>\n\t\t\t\t<div class=\"elementor-element elementor-element-9e22bed elementor-mobile-align-left elementor-widget elementor-widget-button\" data-id=\"9e22bed\" data-element_type=\"widget\" data-widget_type=\"button.default\">\n\t\t\t\t<div class=\"elementor-widget-container\">\n\t\t\t\t\t\t\t\t\t<div class=\"elementor-button-wrapper\">\n\t\t\t\t\t<a class=\"elementor-button elementor-button-link elementor-size-sm\" href=\"\/en\/yksilovalmennus\/\">\n\t\t\t\t\t\t<span class=\"elementor-button-content-wrapper\">\n\t\t\t\t\t\t\t\t\t<span class=\"elementor-button-text\">Yksil\u00f6valmennukset<\/span>\n\t\t\t\t\t<\/span>\n\t\t\t\t\t<\/a>\n\t\t\t\t<\/div>\n\t\t\t\t\t\t\t\t<\/div>\n\t\t\t\t<\/div>\n\t\t\t\t<div class=\"elementor-element elementor-element-92eab32 elementor-widget elementor-widget-text-editor\" data-id=\"92eab32\" data-element_type=\"widget\" data-widget_type=\"text-editor.default\">\n\t\t\t\t<div class=\"elementor-widget-container\">\n\t\t\t\t\t\t\t\t\t<h2 data-start=\"410\" data-end=\"446\">Vaihtoehdot ja hinnat<\/h2>\n<ul>\n<li data-start=\"447\" data-end=\"548\">Yhden kerran konsultaatio: <strong>150 \u20ac<\/strong><\/li>\n<li data-start=\"447\" data-end=\"548\">5 kerran valmennuspaketti: <strong>750 \u20ac<\/strong><\/li>\n<li data-start=\"447\" data-end=\"548\">10 kerran muutosvalmennuspaketti:<strong> 1500 \u20ac<\/strong><\/li>\n<\/ul>\n<p data-start=\"447\" data-end=\"548\">Hinnat sis\u00e4lt\u00e4v\u00e4t arvonlis\u00e4veron.\u00a0<\/p>\n<p data-start=\"447\" data-end=\"548\"><strong data-start=\"832\" data-end=\"872\">Maksuton 30 min t<\/strong><strong data-start=\"832\" data-end=\"872\">utustumiskeskustelu<\/strong><br data-start=\"872\" data-end=\"875\" \/>K\u00e4yd\u00e4\u00e4n l\u00e4pi tilanteesi ja valitaan sinulle sopivin vaihtoehto.<\/p>\n<p><!-- \/wp:paragraph --><!-- wp:heading --><!-- \/wp:paragraph --><!-- wp:buttons --><!-- \/wp:buttons --><!-- wp:paragraph --><!-- \/wp:paragraph --><!-- wp:paragraph --><!-- \/wp:paragraph --><\/p>\t\t\t\t\t\t\t\t<\/div>\n\t\t\t\t<\/div>\n\t\t\t\t<div class=\"elementor-element elementor-element-1bf87c4 elementor-mobile-align-left elementor-widget elementor-widget-button\" data-id=\"1bf87c4\" data-element_type=\"widget\" data-widget_type=\"button.default\">\n\t\t\t\t<div class=\"elementor-widget-container\">\n\t\t\t\t\t\t\t\t\t<div class=\"elementor-button-wrapper\">\n\t\t\t\t\t<a class=\"elementor-button elementor-button-link elementor-size-sm\" href=\"mailto:info@ogvalmennus.fi\">\n\t\t\t\t\t\t<span class=\"elementor-button-content-wrapper\">\n\t\t\t\t\t\t\t\t\t<span class=\"elementor-button-text\">Varaa maksuton 30 min tutustumiskeskustelu<\/span>\n\t\t\t\t\t<\/span>\n\t\t\t\t\t<\/a>\n\t\t\t\t<\/div>\n\t\t\t\t\t\t\t\t<\/div>\n\t\t\t\t<\/div>\n\t\t\t\t<div class=\"elementor-element elementor-element-f7b9677 elementor-widget elementor-widget-text-editor\" data-id=\"f7b9677\" data-element_type=\"widget\" data-widget_type=\"text-editor.default\">\n\t\t\t\t<div class=\"elementor-widget-container\">\n\t\t\t\t\t\t\t\t\t<!-- wp:heading \/--><!-- wp:heading -->\n<h2 class=\"wp-block-heading\">Tailored coaching for groups<\/h2>\n<p>We also offer coaching and lectures for workplaces, including wellbeing at work days, and other events tailored to your organization\u2019s needs. Couple or group coaching can also be arranged depending on the situation and goals.<\/p>\n<!-- \/wp:heading --><!-- wp:heading \/--><!-- wp:buttons \/--><!-- wp:paragraph \/--><!-- wp:paragraph \/-->\t\t\t\t\t\t\t\t<\/div>\n\t\t\t\t<\/div>\n\t\t\t\t<div class=\"elementor-element elementor-element-a922e23 elementor-widget elementor-widget-text-editor\" data-id=\"a922e23\" data-element_type=\"widget\" data-widget_type=\"text-editor.default\">\n\t\t\t\t<div class=\"elementor-widget-container\">\n\t\t\t\t\t\t\t\t\t<!-- wp:heading -->\n<p><strong>Interested?<\/strong> Get in touch and let\u2019s find the solution that fits you or your team best!\u00a0\u00a0<\/p>\n<!-- \/wp:heading --><!-- wp:heading \/--><!-- wp:heading \/--><!-- wp:heading \/--><!-- wp:heading \/--><!-- wp:buttons \/--><!-- wp:paragraph \/--><!-- wp:paragraph \/-->\t\t\t\t\t\t\t\t<\/div>\n\t\t\t\t<\/div>\n\t\t\t\t<div class=\"elementor-element elementor-element-da5fdc9 elementor-mobile-align-left elementor-widget elementor-widget-button\" data-id=\"da5fdc9\" data-element_type=\"widget\" data-widget_type=\"button.default\">\n\t\t\t\t<div class=\"elementor-widget-container\">\n\t\t\t\t\t\t\t\t\t<div class=\"elementor-button-wrapper\">\n\t\t\t\t\t<a class=\"elementor-button elementor-button-link elementor-size-sm\" href=\"\/en\/yritysvalmennus\/\">\n\t\t\t\t\t\t<span class=\"elementor-button-content-wrapper\">\n\t\t\t\t\t\t\t\t\t<span class=\"elementor-button-text\">Corporate and group coachings<\/span>\n\t\t\t\t\t<\/span>\n\t\t\t\t\t<\/a>\n\t\t\t\t<\/div>\n\t\t\t\t\t\t\t\t<\/div>\n\t\t\t\t<\/div>\n\t\t\t\t<\/div>\n\t\t\t\t<div class=\"elementor-element elementor-element-2347419 elementor-widget-divider--separator-type-pattern elementor-widget-divider--no-spacing elementor-widget-divider--view-line elementor-widget elementor-widget-divider\" data-id=\"2347419\" data-element_type=\"widget\" data-widget_type=\"divider.default\">\n\t\t\t\t<div class=\"elementor-widget-container\">\n\t\t\t\t\t\t\t<div class=\"elementor-divider\" style=\"--divider-pattern-url: url(&quot;data:image\/svg+xml,%3Csvg xmlns=&#039;http:\/\/www.w3.org\/2000\/svg&#039; preserveAspectRatio=&#039;xMidYMid meet&#039; overflow=&#039;visible&#039; height=&#039;100%&#039; viewBox=&#039;0 0 126 26&#039; fill=&#039;black&#039; stroke=&#039;none&#039;%3E%3Cpath d=&#039;M111.9,18.3v3.4H109v-3.4H111.9z M90.8,18.3v3.4H88v-3.4H90.8z M69.8,18.3v3.4h-2.9v-3.4H69.8z M48.8,18.3v3.4h-2.9v-3.4H48.8z M27.7,18.3v3.4h-2.9v-3.4H27.7z M6.7,18.3v3.4H3.8v-3.4H6.7z M46.4,4l4.3,4.8l-1.8,0l3.5,4.4l-2.2-0.1l3,3.3l-11,0.4l3.6-3.8l-2.9-0.1l3.1-4.2l-1.9,0L46.4,4z M111.4,4l2.4,4.8l-1.8,0l3.5,4.4l-2.5-0.1l3.3,3.3h-11l3.1-3.4l-2.5-0.1l3.1-4.2l-1.9,0L111.4,4z M89.9,4l2.9,4.8l-1.9,0l3.2,4.2l-2.5,0l3.5,3.5l-11-0.4l3-3.1l-2.4,0L88,8.8l-1.9,0L89.9,4z M68.6,4l3,4.4l-1.9,0.1l3.4,4.1l-2.7,0.1l3.8,3.7H63.8l2.9-3.6l-2.9,0.1L67,8.7l-2,0.1L68.6,4z M26.5,4l3,4.4l-1.9,0.1l3.7,4.7l-2.5-0.1l3.3,3.3H21l3.1-3.4l-2.5-0.1l3.2-4.3l-2,0.1L26.5,4z M4.9,4l3.7,4.8l-1.5,0l3.1,4.2L7.6,13l3.4,3.4H0l3-3.3l-2.3,0.1l3.5-4.4l-2.3,0L4.9,4z&#039;\/%3E%3C\/svg%3E&quot;);\">\n\t\t\t<span class=\"elementor-divider-separator\">\n\t\t\t\t\t\t<\/span>\n\t\t<\/div>\n\t\t\t\t\t\t<\/div>\n\t\t\t\t<\/div>\n\t\t\t\t<div class=\"elementor-element elementor-element-07d8774 elementor-widget elementor-widget-image\" data-id=\"07d8774\" data-element_type=\"widget\" data-widget_type=\"image.default\">\n\t\t\t\t<div class=\"elementor-widget-container\">\n\t\t\t\t\t\t\t\t\t\t\t\t\t\t\t<img fetchpriority=\"high\" decoding=\"async\" width=\"800\" height=\"425\" src=\"https:\/\/ogvalmennus.fi\/wp-content\/uploads\/2025\/07\/OG_kadet1024px.jpg\" class=\"attachment-large size-large wp-image-1328\" alt=\"\" srcset=\"https:\/\/ogvalmennus.fi\/wp-content\/uploads\/2025\/07\/OG_kadet1024px.jpg 1024w, https:\/\/ogvalmennus.fi\/wp-content\/uploads\/2025\/07\/OG_kadet1024px-300x159.jpg 300w, https:\/\/ogvalmennus.fi\/wp-content\/uploads\/2025\/07\/OG_kadet1024px-18x10.jpg 18w\" sizes=\"(max-width: 800px) 100vw, 800px\" \/>\t\t\t\t\t\t\t\t\t\t\t\t\t\t\t<\/div>\n\t\t\t\t<\/div>\n\t\t\t\t\t<\/div>\n\t\t\t\t<\/div>\n\t\t<div class=\"elementor-element elementor-element-8083548 e-flex e-con-boxed e-con e-parent\" data-id=\"8083548\" data-element_type=\"container\">\n\t\t\t\t\t<div class=\"e-con-inner\">\n\t\t\t\t<div class=\"elementor-element elementor-element-f73f33e elementor-widget-divider--separator-type-pattern elementor-widget-divider--no-spacing elementor-widget-divider--view-line elementor-widget elementor-widget-divider\" data-id=\"f73f33e\" data-element_type=\"widget\" data-widget_type=\"divider.default\">\n\t\t\t\t<div class=\"elementor-widget-container\">\n\t\t\t\t\t\t\t<div class=\"elementor-divider\" style=\"--divider-pattern-url: url(&quot;data:image\/svg+xml,%3Csvg xmlns=&#039;http:\/\/www.w3.org\/2000\/svg&#039; preserveAspectRatio=&#039;xMidYMid meet&#039; overflow=&#039;visible&#039; height=&#039;100%&#039; viewBox=&#039;0 0 126 26&#039; fill=&#039;black&#039; stroke=&#039;none&#039;%3E%3Cpath d=&#039;M111.9,18.3v3.4H109v-3.4H111.9z M90.8,18.3v3.4H88v-3.4H90.8z M69.8,18.3v3.4h-2.9v-3.4H69.8z M48.8,18.3v3.4h-2.9v-3.4H48.8z M27.7,18.3v3.4h-2.9v-3.4H27.7z M6.7,18.3v3.4H3.8v-3.4H6.7z M46.4,4l4.3,4.8l-1.8,0l3.5,4.4l-2.2-0.1l3,3.3l-11,0.4l3.6-3.8l-2.9-0.1l3.1-4.2l-1.9,0L46.4,4z M111.4,4l2.4,4.8l-1.8,0l3.5,4.4l-2.5-0.1l3.3,3.3h-11l3.1-3.4l-2.5-0.1l3.1-4.2l-1.9,0L111.4,4z M89.9,4l2.9,4.8l-1.9,0l3.2,4.2l-2.5,0l3.5,3.5l-11-0.4l3-3.1l-2.4,0L88,8.8l-1.9,0L89.9,4z M68.6,4l3,4.4l-1.9,0.1l3.4,4.1l-2.7,0.1l3.8,3.7H63.8l2.9-3.6l-2.9,0.1L67,8.7l-2,0.1L68.6,4z M26.5,4l3,4.4l-1.9,0.1l3.7,4.7l-2.5-0.1l3.3,3.3H21l3.1-3.4l-2.5-0.1l3.2-4.3l-2,0.1L26.5,4z M4.9,4l3.7,4.8l-1.5,0l3.1,4.2L7.6,13l3.4,3.4H0l3-3.3l-2.3,0.1l3.5-4.4l-2.3,0L4.9,4z&#039;\/%3E%3C\/svg%3E&quot;);\">\n\t\t\t<span class=\"elementor-divider-separator\">\n\t\t\t\t\t\t<\/span>\n\t\t<\/div>\n\t\t\t\t\t\t<\/div>\n\t\t\t\t<\/div>\n\t\t\t\t\t<\/div>\n\t\t\t\t<\/div>\n\t\t\t\t<\/div>","protected":false},"excerpt":{"rendered":"<p>Hinnoittelumme OG Valmennuksen palveluvalikoimaan kuuluu sek\u00e4 yksil\u00f6-, ett\u00e4 yritys- ja ryhm\u00e4valmennukset. Alta l\u00f6yd\u00e4t lis\u00e4tietoa valmennusten hinnoittelusta.\u00a0 Tutustu asiantuntijoihimme Yksil\u00f6valmennus Yksil\u00f6valmennus on luottamuksellinen tuki jaksamiseen, kuormituksen hallintaan ja palautumiseen. Valitse sopiva vaihtoehto tai varaa maksuton tutustumiskeskustelu, niin autamme valinnassa. Yksil\u00f6valmennukset Vaihtoehdot ja hinnat Yhden kerran konsultaatio: 150 \u20ac 5 kerran valmennuspaketti: 750 \u20ac 10 kerran muutosvalmennuspaketti: [&hellip;]<\/p>","protected":false},"author":2,"featured_media":0,"parent":0,"menu_order":0,"comment_status":"closed","ping_status":"closed","template":"","meta":{"footnotes":""},"class_list":["post-871","page","type-page","status-publish","hentry"],"yoast_head":"<!-- This site is optimized with the Yoast SEO plugin v26.6 - https:\/\/yoast.com\/wordpress\/plugins\/seo\/ -->\n<title>Hinnoittelu - OG Valmennus<\/title>\n<meta name=\"description\" content=\"OG Valmennus tarjoaa yksil\u00f6- ja ryhm\u00e4valmennusta. Katso hintatiedot. Tuki jaksamiseen, muutokseen ja palautumiseen \u2013 juuri sinun tarpeisiisi.\" \/>\n<meta name=\"robots\" content=\"index, follow, max-snippet:-1, max-image-preview:large, max-video-preview:-1\" \/>\n<link rel=\"canonical\" href=\"https:\/\/ogvalmennus.fi\/en\/hinnoittelu\/\" \/>\n<meta property=\"og:locale\" content=\"en_US\" \/>\n<meta property=\"og:type\" content=\"article\" \/>\n<meta property=\"og:title\" content=\"Hinnoittelu - OG Valmennus\" \/>\n<meta property=\"og:description\" content=\"OG Valmennus tarjoaa yksil\u00f6- ja ryhm\u00e4valmennusta. Katso hintatiedot. Tuki jaksamiseen, muutokseen ja palautumiseen \u2013 juuri sinun tarpeisiisi.\" \/>\n<meta property=\"og:url\" content=\"https:\/\/ogvalmennus.fi\/en\/hinnoittelu\/\" \/>\n<meta property=\"og:site_name\" content=\"OG Valmennus\" \/>\n<meta property=\"article:modified_time\" content=\"2025-12-17T13:03:07+00:00\" \/>\n<meta property=\"og:image\" content=\"https:\/\/ogvalmennus.fi\/wp-content\/uploads\/2025\/07\/OG_kadet1024px.jpg\" \/>\n\t<meta property=\"og:image:width\" content=\"1024\" \/>\n\t<meta property=\"og:image:height\" content=\"544\" \/>\n\t<meta property=\"og:image:type\" content=\"image\/jpeg\" \/>\n<meta name=\"twitter:card\" content=\"summary_large_image\" \/>\n<meta name=\"twitter:label1\" content=\"Est. reading time\" \/>\n\t<meta name=\"twitter:data1\" content=\"1 minute\" \/>\n<script type=\"application\/ld+json\" class=\"yoast-schema-graph\">{\"@context\":\"https:\/\/schema.org\",\"@graph\":[{\"@type\":\"WebPage\",\"@id\":\"https:\/\/ogvalmennus.fi\/hinnoittelu\/\",\"url\":\"https:\/\/ogvalmennus.fi\/hinnoittelu\/\",\"name\":\"Hinnoittelu - OG Valmennus\",\"isPartOf\":{\"@id\":\"https:\/\/ogvalmennus.fi\/#website\"},\"primaryImageOfPage\":{\"@id\":\"https:\/\/ogvalmennus.fi\/hinnoittelu\/#primaryimage\"},\"image\":{\"@id\":\"https:\/\/ogvalmennus.fi\/hinnoittelu\/#primaryimage\"},\"thumbnailUrl\":\"https:\/\/ogvalmennus.fi\/wp-content\/uploads\/2025\/07\/OG_kadet1024px.jpg\",\"datePublished\":\"2025-06-27T15:02:15+00:00\",\"dateModified\":\"2025-12-17T13:03:07+00:00\",\"description\":\"OG Valmennus tarjoaa yksil\u00f6- ja ryhm\u00e4valmennusta. Katso hintatiedot. Tuki jaksamiseen, muutokseen ja palautumiseen \u2013 juuri sinun tarpeisiisi.\",\"breadcrumb\":{\"@id\":\"https:\/\/ogvalmennus.fi\/hinnoittelu\/#breadcrumb\"},\"inLanguage\":\"en-US\",\"potentialAction\":[{\"@type\":\"ReadAction\",\"target\":[\"https:\/\/ogvalmennus.fi\/hinnoittelu\/\"]}]},{\"@type\":\"ImageObject\",\"inLanguage\":\"en-US\",\"@id\":\"https:\/\/ogvalmennus.fi\/hinnoittelu\/#primaryimage\",\"url\":\"https:\/\/ogvalmennus.fi\/wp-content\/uploads\/2025\/07\/OG_kadet1024px.jpg\",\"contentUrl\":\"https:\/\/ogvalmennus.fi\/wp-content\/uploads\/2025\/07\/OG_kadet1024px.jpg\"},{\"@type\":\"BreadcrumbList\",\"@id\":\"https:\/\/ogvalmennus.fi\/hinnoittelu\/#breadcrumb\",\"itemListElement\":[{\"@type\":\"ListItem\",\"position\":1,\"name\":\"Home\",\"item\":\"https:\/\/ogvalmennus.fi\/\"},{\"@type\":\"ListItem\",\"position\":2,\"name\":\"Hinnoittelu\"}]},{\"@type\":\"WebSite\",\"@id\":\"https:\/\/ogvalmennus.fi\/#website\",\"url\":\"https:\/\/ogvalmennus.fi\/\",\"name\":\"OG Valmennus\",\"description\":\"Valmennus, joka tukee palautumista, ty\u00f6ss\u00e4 jaksamista ja el\u00e4m\u00e4ntapamuutoksia ilman \u00e4\u00e4rimm\u00e4isi\u00e4 muutoksia. Kest\u00e4v\u00e4 hyvinvointi tasapainossa.\",\"publisher\":{\"@id\":\"https:\/\/ogvalmennus.fi\/#organization\"},\"potentialAction\":[{\"@type\":\"SearchAction\",\"target\":{\"@type\":\"EntryPoint\",\"urlTemplate\":\"https:\/\/ogvalmennus.fi\/?s={search_term_string}\"},\"query-input\":{\"@type\":\"PropertyValueSpecification\",\"valueRequired\":true,\"valueName\":\"search_term_string\"}}],\"inLanguage\":\"en-US\"},{\"@type\":\"Organization\",\"@id\":\"https:\/\/ogvalmennus.fi\/#organization\",\"name\":\"OG Valmennus\",\"url\":\"https:\/\/ogvalmennus.fi\/\",\"logo\":{\"@type\":\"ImageObject\",\"inLanguage\":\"en-US\",\"@id\":\"https:\/\/ogvalmennus.fi\/#\/schema\/logo\/image\/\",\"url\":\"https:\/\/ogvalmennus.fi\/wp-content\/uploads\/2025\/04\/OG_valmennus_logo_nega.png\",\"contentUrl\":\"https:\/\/ogvalmennus.fi\/wp-content\/uploads\/2025\/04\/OG_valmennus_logo_nega.png\",\"width\":1025,\"height\":769,\"caption\":\"OG Valmennus\"},\"image\":{\"@id\":\"https:\/\/ogvalmennus.fi\/#\/schema\/logo\/image\/\"}}]}<\/script>\n<!-- \/ Yoast SEO plugin. -->","yoast_head_json":{"title":"Hinnoittelu - OG Valmennus","description":"OG Valmennus tarjoaa yksil\u00f6- ja ryhm\u00e4valmennusta. Katso hintatiedot. Tuki jaksamiseen, muutokseen ja palautumiseen \u2013 juuri sinun tarpeisiisi.","robots":{"index":"index","follow":"follow","max-snippet":"max-snippet:-1","max-image-preview":"max-image-preview:large","max-video-preview":"max-video-preview:-1"},"canonical":"https:\/\/ogvalmennus.fi\/en\/hinnoittelu\/","og_locale":"en_US","og_type":"article","og_title":"Hinnoittelu - OG Valmennus","og_description":"OG Valmennus tarjoaa yksil\u00f6- ja ryhm\u00e4valmennusta. Katso hintatiedot. Tuki jaksamiseen, muutokseen ja palautumiseen \u2013 juuri sinun tarpeisiisi.","og_url":"https:\/\/ogvalmennus.fi\/en\/hinnoittelu\/","og_site_name":"OG Valmennus","article_modified_time":"2025-12-17T13:03:07+00:00","og_image":[{"width":1024,"height":544,"url":"https:\/\/ogvalmennus.fi\/wp-content\/uploads\/2025\/07\/OG_kadet1024px.jpg","type":"image\/jpeg"}],"twitter_card":"summary_large_image","twitter_misc":{"Est. reading time":"1 minute"},"schema":{"@context":"https:\/\/schema.org","@graph":[{"@type":"WebPage","@id":"https:\/\/ogvalmennus.fi\/hinnoittelu\/","url":"https:\/\/ogvalmennus.fi\/hinnoittelu\/","name":"Hinnoittelu - OG Valmennus","isPartOf":{"@id":"https:\/\/ogvalmennus.fi\/#website"},"primaryImageOfPage":{"@id":"https:\/\/ogvalmennus.fi\/hinnoittelu\/#primaryimage"},"image":{"@id":"https:\/\/ogvalmennus.fi\/hinnoittelu\/#primaryimage"},"thumbnailUrl":"https:\/\/ogvalmennus.fi\/wp-content\/uploads\/2025\/07\/OG_kadet1024px.jpg","datePublished":"2025-06-27T15:02:15+00:00","dateModified":"2025-12-17T13:03:07+00:00","description":"OG Valmennus tarjoaa yksil\u00f6- ja ryhm\u00e4valmennusta. Katso hintatiedot. Tuki jaksamiseen, muutokseen ja palautumiseen \u2013 juuri sinun tarpeisiisi.","breadcrumb":{"@id":"https:\/\/ogvalmennus.fi\/hinnoittelu\/#breadcrumb"},"inLanguage":"en-US","potentialAction":[{"@type":"ReadAction","target":["https:\/\/ogvalmennus.fi\/hinnoittelu\/"]}]},{"@type":"ImageObject","inLanguage":"en-US","@id":"https:\/\/ogvalmennus.fi\/hinnoittelu\/#primaryimage","url":"https:\/\/ogvalmennus.fi\/wp-content\/uploads\/2025\/07\/OG_kadet1024px.jpg","contentUrl":"https:\/\/ogvalmennus.fi\/wp-content\/uploads\/2025\/07\/OG_kadet1024px.jpg"},{"@type":"BreadcrumbList","@id":"https:\/\/ogvalmennus.fi\/hinnoittelu\/#breadcrumb","itemListElement":[{"@type":"ListItem","position":1,"name":"Home","item":"https:\/\/ogvalmennus.fi\/"},{"@type":"ListItem","position":2,"name":"Hinnoittelu"}]},{"@type":"WebSite","@id":"https:\/\/ogvalmennus.fi\/#website","url":"https:\/\/ogvalmennus.fi\/","name":"OG Valmennus","description":"Valmennus, joka tukee palautumista, ty\u00f6ss\u00e4 jaksamista ja el\u00e4m\u00e4ntapamuutoksia ilman \u00e4\u00e4rimm\u00e4isi\u00e4 muutoksia. Kest\u00e4v\u00e4 hyvinvointi tasapainossa.","publisher":{"@id":"https:\/\/ogvalmennus.fi\/#organization"},"potentialAction":[{"@type":"SearchAction","target":{"@type":"EntryPoint","urlTemplate":"https:\/\/ogvalmennus.fi\/?s={search_term_string}"},"query-input":{"@type":"PropertyValueSpecification","valueRequired":true,"valueName":"search_term_string"}}],"inLanguage":"en-US"},{"@type":"Organization","@id":"https:\/\/ogvalmennus.fi\/#organization","name":"OG Valmennus","url":"https:\/\/ogvalmennus.fi\/","logo":{"@type":"ImageObject","inLanguage":"en-US","@id":"https:\/\/ogvalmennus.fi\/#\/schema\/logo\/image\/","url":"https:\/\/ogvalmennus.fi\/wp-content\/uploads\/2025\/04\/OG_valmennus_logo_nega.png","contentUrl":"https:\/\/ogvalmennus.fi\/wp-content\/uploads\/2025\/04\/OG_valmennus_logo_nega.png","width":1025,"height":769,"caption":"OG Valmennus"},"image":{"@id":"https:\/\/ogvalmennus.fi\/#\/schema\/logo\/image\/"}}]}},"_links":{"self":[{"href":"https:\/\/ogvalmennus.fi\/en\/wp-json\/wp\/v2\/pages\/871","targetHints":{"allow":["GET"]}}],"collection":[{"href":"https:\/\/ogvalmennus.fi\/en\/wp-json\/wp\/v2\/pages"}],"about":[{"href":"https:\/\/ogvalmennus.fi\/en\/wp-json\/wp\/v2\/types\/page"}],"author":[{"embeddable":true,"href":"https:\/\/ogvalmennus.fi\/en\/wp-json\/wp\/v2\/users\/2"}],"replies":[{"embeddable":true,"href":"https:\/\/ogvalmennus.fi\/en\/wp-json\/wp\/v2\/comments?post=871"}],"version-history":[{"count":115,"href":"https:\/\/ogvalmennus.fi\/en\/wp-json\/wp\/v2\/pages\/871\/revisions"}],"predecessor-version":[{"id":1898,"href":"https:\/\/ogvalmennus.fi\/en\/wp-json\/wp\/v2\/pages\/871\/revisions\/1898"}],"wp:attachment":[{"href":"https:\/\/ogvalmennus.fi\/en\/wp-json\/wp\/v2\/media?parent=871"}],"curies":[{"name":"wp","href":"https:\/\/api.w.org\/{rel}","templated":true}]}}