{"id":854,"date":"2025-06-27T17:49:06","date_gmt":"2025-06-27T14:49:06","guid":{"rendered":"https:\/\/ogvalmennus.fi\/?page_id=854"},"modified":"2025-12-17T18:39:47","modified_gmt":"2025-12-17T15:39:47","slug":"yhteystiedot","status":"publish","type":"page","link":"https:\/\/ogvalmennus.fi\/en\/yhteystiedot\/","title":{"rendered":"Contact"},"content":{"rendered":"<div data-elementor-type=\"wp-page\" data-elementor-id=\"854\" class=\"elementor elementor-854\" data-elementor-post-type=\"page\">\n\t\t\t\t<div class=\"elementor-element elementor-element-edfb532 e-flex e-con-boxed e-con e-parent\" data-id=\"edfb532\" data-element_type=\"container\">\n\t\t\t\t\t<div class=\"e-con-inner\">\n\t\t\t\t<div class=\"elementor-element elementor-element-4745a08 elementor-widget elementor-widget-text-editor\" data-id=\"4745a08\" data-element_type=\"widget\" data-widget_type=\"text-editor.default\">\n\t\t\t\t<div class=\"elementor-widget-container\">\n\t\t\t\t\t\t\t\t\t<h1 class=\"wp-block-heading\">Interested?<\/h1><p class=\"translation-block\">You can contact our specialists directly or send a message to info@ogvalmennus.fi\n. At this stage, you are not committing to anything. We will reply to your message as soon as possible.<\/p>\t\t\t\t\t\t\t\t<\/div>\n\t\t\t\t<\/div>\n\t\t\t\t\t<\/div>\n\t\t\t\t<\/div>\n\t\t<div class=\"elementor-element elementor-element-0d4f1e6 e-flex e-con-boxed e-con e-parent\" data-id=\"0d4f1e6\" data-element_type=\"container\">\n\t\t\t\t\t<div class=\"e-con-inner\">\n\t\t\t\t<div class=\"elementor-element elementor-element-949a7d9 elementor-widget elementor-widget-image\" data-id=\"949a7d9\" data-element_type=\"widget\" data-widget_type=\"image.default\">\n\t\t\t\t<div class=\"elementor-widget-container\">\n\t\t\t\t\t\t\t\t\t\t\t\t\t\t\t<img fetchpriority=\"high\" decoding=\"async\" width=\"800\" height=\"534\" src=\"https:\/\/ogvalmennus.fi\/wp-content\/uploads\/2025\/07\/OG_web.jpg\" class=\"attachment-large size-large wp-image-1315\" alt=\"\" srcset=\"https:\/\/ogvalmennus.fi\/wp-content\/uploads\/2025\/07\/OG_web.jpg 1024w, https:\/\/ogvalmennus.fi\/wp-content\/uploads\/2025\/07\/OG_web-300x200.jpg 300w, https:\/\/ogvalmennus.fi\/wp-content\/uploads\/2025\/07\/OG_web-18x12.jpg 18w\" sizes=\"(max-width: 800px) 100vw, 800px\" \/>\t\t\t\t\t\t\t\t\t\t\t\t\t\t\t<\/div>\n\t\t\t\t<\/div>\n\t\t\t\t\t<\/div>\n\t\t\t\t<\/div>\n\t\t<div class=\"elementor-element elementor-element-addc533 e-grid e-con-boxed e-con e-parent\" data-id=\"addc533\" data-element_type=\"container\">\n\t\t\t\t\t<div class=\"e-con-inner\">\n\t\t\t\t<div class=\"elementor-element elementor-element-7b36af5 elementor-widget elementor-widget-text-editor\" data-id=\"7b36af5\" data-element_type=\"widget\" data-widget_type=\"text-editor.default\">\n\t\t\t\t<div class=\"elementor-widget-container\">\n\t\t\t\t\t\t\t\t\t<h3><strong><a href=\"https:\/\/ogvalmennus.fi\/en\/harri-henriksson\/\">Harri Henriksson<\/a><\/strong><\/h3><p><strong>Email<\/strong>:\u00a0<a href=\"mailto:harri@ogvalmennus.fi\">harri@ogvalmennus.fi<\/a><\/p><p><strong>Phone<\/strong>.\u00a0<a href=\"tel:050 551 4752\">050 551 4752<\/a><\/p>\t\t\t\t\t\t\t\t<\/div>\n\t\t\t\t<\/div>\n\t\t\t\t<div class=\"elementor-element elementor-element-44892c7 elementor-widget elementor-widget-text-editor\" data-id=\"44892c7\" data-element_type=\"widget\" data-widget_type=\"text-editor.default\">\n\t\t\t\t<div class=\"elementor-widget-container\">\n\t\t\t\t\t\t\t\t\t<h3><strong><a href=\"https:\/\/ogvalmennus.fi\/en\/teemu-ollikainen\/\">Teemu Ollikainen<\/a><\/strong><\/h3><p><strong>Email<\/strong>: <a href=\"mailto:teemu@ogvalmennus.fi\">teemu@ogvalmennus.fi<\/a><\/p><p><strong>Phone<\/strong>.\u00a0<a href=\"tel:040 838 5050\">040 838 5050<\/a><\/p>\t\t\t\t\t\t\t\t<\/div>\n\t\t\t\t<\/div>\n\t\t\t\t<div class=\"elementor-element elementor-element-e8c1353 elementor-widget elementor-widget-text-editor\" data-id=\"e8c1353\" data-element_type=\"widget\" data-widget_type=\"text-editor.default\">\n\t\t\t\t<div class=\"elementor-widget-container\">\n\t\t\t\t\t\t\t\t\t<h3><strong><a href=\"https:\/\/ogvalmennus.fi\/en\/mikko-sammalkivi\/\">Mikko Sammalkivi<\/a><\/strong><\/h3><p><strong>Email<\/strong>: <a href=\"mailto:mikko@ogvalmennus.fi\">mikko@ogvalmennus.fi<\/a><\/p><p><strong>Phone<\/strong>.\u00a0<a href=\"tel:044 977 1778\">044 977 1778<\/a><\/p>\t\t\t\t\t\t\t\t<\/div>\n\t\t\t\t<\/div>\n\t\t\t\t\t<\/div>\n\t\t\t\t<\/div>\n\t\t<div class=\"elementor-element elementor-element-5c82b19 e-flex e-con-boxed e-con e-parent\" data-id=\"5c82b19\" data-element_type=\"container\">\n\t\t\t\t\t<div class=\"e-con-inner\">\n\t\t\t\t<div class=\"elementor-element elementor-element-f575da4 elementor-widget-divider--separator-type-pattern elementor-widget-divider--no-spacing elementor-widget-divider--view-line elementor-widget elementor-widget-divider\" data-id=\"f575da4\" data-element_type=\"widget\" data-widget_type=\"divider.default\">\n\t\t\t\t<div class=\"elementor-widget-container\">\n\t\t\t\t\t\t\t<div class=\"elementor-divider\" style=\"--divider-pattern-url: url(&quot;data:image\/svg+xml,%3Csvg xmlns=&#039;http:\/\/www.w3.org\/2000\/svg&#039; preserveAspectRatio=&#039;xMidYMid meet&#039; overflow=&#039;visible&#039; height=&#039;100%&#039; viewBox=&#039;0 0 126 26&#039; fill=&#039;black&#039; stroke=&#039;none&#039;%3E%3Cpath d=&#039;M111.9,18.3v3.4H109v-3.4H111.9z M90.8,18.3v3.4H88v-3.4H90.8z M69.8,18.3v3.4h-2.9v-3.4H69.8z M48.8,18.3v3.4h-2.9v-3.4H48.8z M27.7,18.3v3.4h-2.9v-3.4H27.7z M6.7,18.3v3.4H3.8v-3.4H6.7z M46.4,4l4.3,4.8l-1.8,0l3.5,4.4l-2.2-0.1l3,3.3l-11,0.4l3.6-3.8l-2.9-0.1l3.1-4.2l-1.9,0L46.4,4z M111.4,4l2.4,4.8l-1.8,0l3.5,4.4l-2.5-0.1l3.3,3.3h-11l3.1-3.4l-2.5-0.1l3.1-4.2l-1.9,0L111.4,4z M89.9,4l2.9,4.8l-1.9,0l3.2,4.2l-2.5,0l3.5,3.5l-11-0.4l3-3.1l-2.4,0L88,8.8l-1.9,0L89.9,4z M68.6,4l3,4.4l-1.9,0.1l3.4,4.1l-2.7,0.1l3.8,3.7H63.8l2.9-3.6l-2.9,0.1L67,8.7l-2,0.1L68.6,4z M26.5,4l3,4.4l-1.9,0.1l3.7,4.7l-2.5-0.1l3.3,3.3H21l3.1-3.4l-2.5-0.1l3.2-4.3l-2,0.1L26.5,4z M4.9,4l3.7,4.8l-1.5,0l3.1,4.2L7.6,13l3.4,3.4H0l3-3.3l-2.3,0.1l3.5-4.4l-2.3,0L4.9,4z&#039;\/%3E%3C\/svg%3E&quot;);\">\n\t\t\t<span class=\"elementor-divider-separator\">\n\t\t\t\t\t\t<\/span>\n\t\t<\/div>\n\t\t\t\t\t\t<\/div>\n\t\t\t\t<\/div>\n\t\t\t\t\t<\/div>\n\t\t\t\t<\/div>\n\t\t\t\t<\/div>","protected":false},"excerpt":{"rendered":"<p>Kiinnostuitko? Voit olla yhteydess\u00e4 suoraan asiantuntijoihimme tai laittaa viesti\u00e4 osoitteeseen info@ogvalmennus.fi. T\u00e4ss\u00e4 vaiheessa et viel\u00e4 sitoudu mihink\u00e4\u00e4n. Vastaamme viestiisi mahdollisimman pian.\u00a0 Harri Henriksson S\u00e4hk\u00f6posti:\u00a0harri@ogvalmennus.fi Puh.\u00a0050 551 4752 Teemu Ollikainen S\u00e4hk\u00f6posti: teemu@ogvalmennus.fi Puh.\u00a0040 838 5050 Mikko Sammalkivi S\u00e4hk\u00f6posti: mikko@ogvalmennus.fi Puh.\u00a0044 977 1778<\/p>","protected":false},"author":2,"featured_media":0,"parent":0,"menu_order":0,"comment_status":"closed","ping_status":"closed","template":"","meta":{"footnotes":""},"class_list":["post-854","page","type-page","status-publish","hentry"],"yoast_head":"<!-- This site is optimized with the Yoast SEO plugin v26.6 - https:\/\/yoast.com\/wordpress\/plugins\/seo\/ -->\n<title>Yhteystiedot - OG Valmennus<\/title>\n<meta name=\"description\" content=\"Ota yhteytt\u00e4 OG Valmennukseen matalalla kynnyksell\u00e4. Asiantuntijamme vastaavat nopeasti \u2013 et sitoudu viel\u00e4 mihink\u00e4\u00e4n.\" \/>\n<meta name=\"robots\" content=\"index, follow, max-snippet:-1, max-image-preview:large, max-video-preview:-1\" \/>\n<link rel=\"canonical\" href=\"https:\/\/ogvalmennus.fi\/en\/yhteystiedot\/\" \/>\n<meta property=\"og:locale\" content=\"en_US\" \/>\n<meta property=\"og:type\" content=\"article\" \/>\n<meta property=\"og:title\" content=\"Yhteystiedot - OG Valmennus\" \/>\n<meta property=\"og:description\" content=\"Ota yhteytt\u00e4 OG Valmennukseen matalalla kynnyksell\u00e4. Asiantuntijamme vastaavat nopeasti \u2013 et sitoudu viel\u00e4 mihink\u00e4\u00e4n.\" \/>\n<meta property=\"og:url\" content=\"https:\/\/ogvalmennus.fi\/en\/yhteystiedot\/\" \/>\n<meta property=\"og:site_name\" content=\"OG Valmennus\" \/>\n<meta property=\"article:modified_time\" content=\"2025-12-17T15:39:47+00:00\" \/>\n<meta property=\"og:image\" content=\"https:\/\/ogvalmennus.fi\/wp-content\/uploads\/2025\/07\/OG_web.jpg\" \/>\n\t<meta property=\"og:image:width\" content=\"1024\" \/>\n\t<meta property=\"og:image:height\" content=\"683\" \/>\n\t<meta property=\"og:image:type\" content=\"image\/jpeg\" \/>\n<meta name=\"twitter:card\" content=\"summary_large_image\" \/>\n<meta name=\"twitter:label1\" content=\"Est. reading time\" \/>\n\t<meta name=\"twitter:data1\" content=\"1 minute\" \/>\n<script type=\"application\/ld+json\" class=\"yoast-schema-graph\">{\"@context\":\"https:\/\/schema.org\",\"@graph\":[{\"@type\":\"WebPage\",\"@id\":\"https:\/\/ogvalmennus.fi\/yhteystiedot\/\",\"url\":\"https:\/\/ogvalmennus.fi\/yhteystiedot\/\",\"name\":\"Yhteystiedot - OG Valmennus\",\"isPartOf\":{\"@id\":\"https:\/\/ogvalmennus.fi\/#website\"},\"primaryImageOfPage\":{\"@id\":\"https:\/\/ogvalmennus.fi\/yhteystiedot\/#primaryimage\"},\"image\":{\"@id\":\"https:\/\/ogvalmennus.fi\/yhteystiedot\/#primaryimage\"},\"thumbnailUrl\":\"https:\/\/ogvalmennus.fi\/wp-content\/uploads\/2025\/07\/OG_web.jpg\",\"datePublished\":\"2025-06-27T14:49:06+00:00\",\"dateModified\":\"2025-12-17T15:39:47+00:00\",\"description\":\"Ota yhteytt\u00e4 OG Valmennukseen matalalla kynnyksell\u00e4. Asiantuntijamme vastaavat nopeasti \u2013 et sitoudu viel\u00e4 mihink\u00e4\u00e4n.\",\"breadcrumb\":{\"@id\":\"https:\/\/ogvalmennus.fi\/yhteystiedot\/#breadcrumb\"},\"inLanguage\":\"en-US\",\"potentialAction\":[{\"@type\":\"ReadAction\",\"target\":[\"https:\/\/ogvalmennus.fi\/yhteystiedot\/\"]}]},{\"@type\":\"ImageObject\",\"inLanguage\":\"en-US\",\"@id\":\"https:\/\/ogvalmennus.fi\/yhteystiedot\/#primaryimage\",\"url\":\"https:\/\/ogvalmennus.fi\/wp-content\/uploads\/2025\/07\/OG_web.jpg\",\"contentUrl\":\"https:\/\/ogvalmennus.fi\/wp-content\/uploads\/2025\/07\/OG_web.jpg\"},{\"@type\":\"BreadcrumbList\",\"@id\":\"https:\/\/ogvalmennus.fi\/yhteystiedot\/#breadcrumb\",\"itemListElement\":[{\"@type\":\"ListItem\",\"position\":1,\"name\":\"Home\",\"item\":\"https:\/\/ogvalmennus.fi\/\"},{\"@type\":\"ListItem\",\"position\":2,\"name\":\"Yhteystiedot\"}]},{\"@type\":\"WebSite\",\"@id\":\"https:\/\/ogvalmennus.fi\/#website\",\"url\":\"https:\/\/ogvalmennus.fi\/\",\"name\":\"OG Valmennus\",\"description\":\"Valmennus, joka tukee palautumista, ty\u00f6ss\u00e4 jaksamista ja el\u00e4m\u00e4ntapamuutoksia ilman \u00e4\u00e4rimm\u00e4isi\u00e4 muutoksia. Kest\u00e4v\u00e4 hyvinvointi tasapainossa.\",\"publisher\":{\"@id\":\"https:\/\/ogvalmennus.fi\/#organization\"},\"potentialAction\":[{\"@type\":\"SearchAction\",\"target\":{\"@type\":\"EntryPoint\",\"urlTemplate\":\"https:\/\/ogvalmennus.fi\/?s={search_term_string}\"},\"query-input\":{\"@type\":\"PropertyValueSpecification\",\"valueRequired\":true,\"valueName\":\"search_term_string\"}}],\"inLanguage\":\"en-US\"},{\"@type\":\"Organization\",\"@id\":\"https:\/\/ogvalmennus.fi\/#organization\",\"name\":\"OG Valmennus\",\"url\":\"https:\/\/ogvalmennus.fi\/\",\"logo\":{\"@type\":\"ImageObject\",\"inLanguage\":\"en-US\",\"@id\":\"https:\/\/ogvalmennus.fi\/#\/schema\/logo\/image\/\",\"url\":\"https:\/\/ogvalmennus.fi\/wp-content\/uploads\/2025\/04\/OG_valmennus_logo_nega.png\",\"contentUrl\":\"https:\/\/ogvalmennus.fi\/wp-content\/uploads\/2025\/04\/OG_valmennus_logo_nega.png\",\"width\":1025,\"height\":769,\"caption\":\"OG Valmennus\"},\"image\":{\"@id\":\"https:\/\/ogvalmennus.fi\/#\/schema\/logo\/image\/\"}}]}<\/script>\n<!-- \/ Yoast SEO plugin. -->","yoast_head_json":{"title":"Yhteystiedot - OG Valmennus","description":"Ota yhteytt\u00e4 OG Valmennukseen matalalla kynnyksell\u00e4. Asiantuntijamme vastaavat nopeasti \u2013 et sitoudu viel\u00e4 mihink\u00e4\u00e4n.","robots":{"index":"index","follow":"follow","max-snippet":"max-snippet:-1","max-image-preview":"max-image-preview:large","max-video-preview":"max-video-preview:-1"},"canonical":"https:\/\/ogvalmennus.fi\/en\/yhteystiedot\/","og_locale":"en_US","og_type":"article","og_title":"Yhteystiedot - OG Valmennus","og_description":"Ota yhteytt\u00e4 OG Valmennukseen matalalla kynnyksell\u00e4. Asiantuntijamme vastaavat nopeasti \u2013 et sitoudu viel\u00e4 mihink\u00e4\u00e4n.","og_url":"https:\/\/ogvalmennus.fi\/en\/yhteystiedot\/","og_site_name":"OG Valmennus","article_modified_time":"2025-12-17T15:39:47+00:00","og_image":[{"width":1024,"height":683,"url":"https:\/\/ogvalmennus.fi\/wp-content\/uploads\/2025\/07\/OG_web.jpg","type":"image\/jpeg"}],"twitter_card":"summary_large_image","twitter_misc":{"Est. reading time":"1 minute"},"schema":{"@context":"https:\/\/schema.org","@graph":[{"@type":"WebPage","@id":"https:\/\/ogvalmennus.fi\/yhteystiedot\/","url":"https:\/\/ogvalmennus.fi\/yhteystiedot\/","name":"Yhteystiedot - OG Valmennus","isPartOf":{"@id":"https:\/\/ogvalmennus.fi\/#website"},"primaryImageOfPage":{"@id":"https:\/\/ogvalmennus.fi\/yhteystiedot\/#primaryimage"},"image":{"@id":"https:\/\/ogvalmennus.fi\/yhteystiedot\/#primaryimage"},"thumbnailUrl":"https:\/\/ogvalmennus.fi\/wp-content\/uploads\/2025\/07\/OG_web.jpg","datePublished":"2025-06-27T14:49:06+00:00","dateModified":"2025-12-17T15:39:47+00:00","description":"Ota yhteytt\u00e4 OG Valmennukseen matalalla kynnyksell\u00e4. Asiantuntijamme vastaavat nopeasti \u2013 et sitoudu viel\u00e4 mihink\u00e4\u00e4n.","breadcrumb":{"@id":"https:\/\/ogvalmennus.fi\/yhteystiedot\/#breadcrumb"},"inLanguage":"en-US","potentialAction":[{"@type":"ReadAction","target":["https:\/\/ogvalmennus.fi\/yhteystiedot\/"]}]},{"@type":"ImageObject","inLanguage":"en-US","@id":"https:\/\/ogvalmennus.fi\/yhteystiedot\/#primaryimage","url":"https:\/\/ogvalmennus.fi\/wp-content\/uploads\/2025\/07\/OG_web.jpg","contentUrl":"https:\/\/ogvalmennus.fi\/wp-content\/uploads\/2025\/07\/OG_web.jpg"},{"@type":"BreadcrumbList","@id":"https:\/\/ogvalmennus.fi\/yhteystiedot\/#breadcrumb","itemListElement":[{"@type":"ListItem","position":1,"name":"Home","item":"https:\/\/ogvalmennus.fi\/"},{"@type":"ListItem","position":2,"name":"Yhteystiedot"}]},{"@type":"WebSite","@id":"https:\/\/ogvalmennus.fi\/#website","url":"https:\/\/ogvalmennus.fi\/","name":"OG Valmennus","description":"Valmennus, joka tukee palautumista, ty\u00f6ss\u00e4 jaksamista ja el\u00e4m\u00e4ntapamuutoksia ilman \u00e4\u00e4rimm\u00e4isi\u00e4 muutoksia. Kest\u00e4v\u00e4 hyvinvointi tasapainossa.","publisher":{"@id":"https:\/\/ogvalmennus.fi\/#organization"},"potentialAction":[{"@type":"SearchAction","target":{"@type":"EntryPoint","urlTemplate":"https:\/\/ogvalmennus.fi\/?s={search_term_string}"},"query-input":{"@type":"PropertyValueSpecification","valueRequired":true,"valueName":"search_term_string"}}],"inLanguage":"en-US"},{"@type":"Organization","@id":"https:\/\/ogvalmennus.fi\/#organization","name":"OG Valmennus","url":"https:\/\/ogvalmennus.fi\/","logo":{"@type":"ImageObject","inLanguage":"en-US","@id":"https:\/\/ogvalmennus.fi\/#\/schema\/logo\/image\/","url":"https:\/\/ogvalmennus.fi\/wp-content\/uploads\/2025\/04\/OG_valmennus_logo_nega.png","contentUrl":"https:\/\/ogvalmennus.fi\/wp-content\/uploads\/2025\/04\/OG_valmennus_logo_nega.png","width":1025,"height":769,"caption":"OG Valmennus"},"image":{"@id":"https:\/\/ogvalmennus.fi\/#\/schema\/logo\/image\/"}}]}},"_links":{"self":[{"href":"https:\/\/ogvalmennus.fi\/en\/wp-json\/wp\/v2\/pages\/854","targetHints":{"allow":["GET"]}}],"collection":[{"href":"https:\/\/ogvalmennus.fi\/en\/wp-json\/wp\/v2\/pages"}],"about":[{"href":"https:\/\/ogvalmennus.fi\/en\/wp-json\/wp\/v2\/types\/page"}],"author":[{"embeddable":true,"href":"https:\/\/ogvalmennus.fi\/en\/wp-json\/wp\/v2\/users\/2"}],"replies":[{"embeddable":true,"href":"https:\/\/ogvalmennus.fi\/en\/wp-json\/wp\/v2\/comments?post=854"}],"version-history":[{"count":69,"href":"https:\/\/ogvalmennus.fi\/en\/wp-json\/wp\/v2\/pages\/854\/revisions"}],"predecessor-version":[{"id":1911,"href":"https:\/\/ogvalmennus.fi\/en\/wp-json\/wp\/v2\/pages\/854\/revisions\/1911"}],"wp:attachment":[{"href":"https:\/\/ogvalmennus.fi\/en\/wp-json\/wp\/v2\/media?parent=854"}],"curies":[{"name":"wp","href":"https:\/\/api.w.org\/{rel}","templated":true}]}}