{"id":825,"date":"2025-06-27T18:01:02","date_gmt":"2025-06-27T15:01:02","guid":{"rendered":"https:\/\/ogvalmennus.fi\/?page_id=825"},"modified":"2025-12-17T15:13:06","modified_gmt":"2025-12-17T12:13:06","slug":"asiantuntijamme","status":"publish","type":"page","link":"https:\/\/ogvalmennus.fi\/en\/asiantuntijamme\/","title":{"rendered":"Our experts"},"content":{"rendered":"<div data-elementor-type=\"wp-page\" data-elementor-id=\"825\" class=\"elementor elementor-825\" data-elementor-post-type=\"page\">\n\t\t\t\t<div class=\"elementor-element elementor-element-7cc747d3 e-flex e-con-boxed e-con e-parent\" data-id=\"7cc747d3\" data-element_type=\"container\">\n\t\t\t\t\t<div class=\"e-con-inner\">\n\t\t\t\t<div class=\"elementor-element elementor-element-acae483 elementor-widget elementor-widget-text-editor\" data-id=\"acae483\" data-element_type=\"widget\" data-widget_type=\"text-editor.default\">\n\t\t\t\t<div class=\"elementor-widget-container\">\n\t\t\t\t\t\t\t\t\t<h3>Meet our experts:<\/h3>\t\t\t\t\t\t\t\t<\/div>\n\t\t\t\t<\/div>\n\t\t\t\t<div class=\"elementor-element elementor-element-9cc9cb5 elementor-widget elementor-widget-button\" data-id=\"9cc9cb5\" data-element_type=\"widget\" data-widget_type=\"button.default\">\n\t\t\t\t<div class=\"elementor-widget-container\">\n\t\t\t\t\t\t\t\t\t<div class=\"elementor-button-wrapper\">\n\t\t\t\t\t<a class=\"elementor-button elementor-button-link elementor-size-sm\" href=\"https:\/\/ogvalmennus.fi\/en\/yhteystiedot\/\">\n\t\t\t\t\t\t<span class=\"elementor-button-content-wrapper\">\n\t\t\t\t\t\t\t\t\t<span class=\"elementor-button-text\">Contact<\/span>\n\t\t\t\t\t<\/span>\n\t\t\t\t\t<\/a>\n\t\t\t\t<\/div>\n\t\t\t\t\t\t\t\t<\/div>\n\t\t\t\t<\/div>\n\t\t\t\t<div class=\"elementor-element elementor-element-555e06e3 elementor-widget elementor-widget-text-editor\" data-id=\"555e06e3\" data-element_type=\"widget\" data-widget_type=\"text-editor.default\">\n\t\t\t\t<div class=\"elementor-widget-container\">\n\t\t\t\t\t\t\t\t\t<h1 class=\"wp-block-heading\">Health, wellbeing, and work endurance \u2013 a team of experts by your side<\/h1>\n<p>Our coaching team specializes in mental well-being, work endurance, stress management, and sustainable wellness. With over 60 years of combined experience in mental health as psychologists, psychotherapists, and psychiatric nurses, we\u2019ve encountered just about everything under the sun.<\/p>\n<p>The connection between mind and body is at the heart of our coaching. In addition to being mental health professionals, we\u2019re also competitive and recreational athletes and experienced coaches. <strong>We understand the challenges of stress, burnout, overload, and recovery\u2014from both psychological and physical perspectives.<\/strong><\/p>\n<p>Everything we teach has been tried and tested in our professional work and personal lives. We\u2019ve already made the mistakes you don\u2019t have to, and we\u2019ve gone through the very processes we now help you implement.<\/p>\n<p>Looking for support in finding balance between mind and body? Get in touch and let\u2019s start the journey together! <strong>Contact us and let's start our journey together.<\/strong><\/p>\n<p><!-- \/wp:paragraph --><!-- wp:heading --><!-- \/wp:paragraph --><!-- wp:buttons --><!-- \/wp:buttons --><!-- wp:paragraph --><!-- \/wp:paragraph --><!-- wp:paragraph --><!-- \/wp:paragraph --><\/p>\t\t\t\t\t\t\t\t<\/div>\n\t\t\t\t<\/div>\n\t\t\t\t<div class=\"elementor-element elementor-element-284a36f elementor-widget-divider--separator-type-pattern elementor-widget-divider--no-spacing elementor-widget-divider--view-line elementor-widget elementor-widget-divider\" data-id=\"284a36f\" data-element_type=\"widget\" data-widget_type=\"divider.default\">\n\t\t\t\t<div class=\"elementor-widget-container\">\n\t\t\t\t\t\t\t<div class=\"elementor-divider\" style=\"--divider-pattern-url: url(&quot;data:image\/svg+xml,%3Csvg xmlns=&#039;http:\/\/www.w3.org\/2000\/svg&#039; preserveAspectRatio=&#039;xMidYMid meet&#039; overflow=&#039;visible&#039; height=&#039;100%&#039; viewBox=&#039;0 0 126 26&#039; fill=&#039;black&#039; stroke=&#039;none&#039;%3E%3Cpath d=&#039;M111.9,18.3v3.4H109v-3.4H111.9z M90.8,18.3v3.4H88v-3.4H90.8z M69.8,18.3v3.4h-2.9v-3.4H69.8z M48.8,18.3v3.4h-2.9v-3.4H48.8z M27.7,18.3v3.4h-2.9v-3.4H27.7z M6.7,18.3v3.4H3.8v-3.4H6.7z M46.4,4l4.3,4.8l-1.8,0l3.5,4.4l-2.2-0.1l3,3.3l-11,0.4l3.6-3.8l-2.9-0.1l3.1-4.2l-1.9,0L46.4,4z M111.4,4l2.4,4.8l-1.8,0l3.5,4.4l-2.5-0.1l3.3,3.3h-11l3.1-3.4l-2.5-0.1l3.1-4.2l-1.9,0L111.4,4z M89.9,4l2.9,4.8l-1.9,0l3.2,4.2l-2.5,0l3.5,3.5l-11-0.4l3-3.1l-2.4,0L88,8.8l-1.9,0L89.9,4z M68.6,4l3,4.4l-1.9,0.1l3.4,4.1l-2.7,0.1l3.8,3.7H63.8l2.9-3.6l-2.9,0.1L67,8.7l-2,0.1L68.6,4z M26.5,4l3,4.4l-1.9,0.1l3.7,4.7l-2.5-0.1l3.3,3.3H21l3.1-3.4l-2.5-0.1l3.2-4.3l-2,0.1L26.5,4z M4.9,4l3.7,4.8l-1.5,0l3.1,4.2L7.6,13l3.4,3.4H0l3-3.3l-2.3,0.1l3.5-4.4l-2.3,0L4.9,4z&#039;\/%3E%3C\/svg%3E&quot;);\">\n\t\t\t<span class=\"elementor-divider-separator\">\n\t\t\t\t\t\t<\/span>\n\t\t<\/div>\n\t\t\t\t\t\t<\/div>\n\t\t\t\t<\/div>\n\t\t\t\t<div class=\"elementor-element elementor-element-07d8774 elementor-widget elementor-widget-image\" data-id=\"07d8774\" data-element_type=\"widget\" data-widget_type=\"image.default\">\n\t\t\t\t<div class=\"elementor-widget-container\">\n\t\t\t\t\t\t\t\t\t\t\t\t\t\t\t<img fetchpriority=\"high\" decoding=\"async\" width=\"800\" height=\"425\" src=\"https:\/\/ogvalmennus.fi\/wp-content\/uploads\/2025\/07\/OG_ukot11024px.jpg\" class=\"attachment-large size-large wp-image-1247\" alt=\"OG Valmennus asiantuntijat\" srcset=\"https:\/\/ogvalmennus.fi\/wp-content\/uploads\/2025\/07\/OG_ukot11024px.jpg 1024w, https:\/\/ogvalmennus.fi\/wp-content\/uploads\/2025\/07\/OG_ukot11024px-300x159.jpg 300w, https:\/\/ogvalmennus.fi\/wp-content\/uploads\/2025\/07\/OG_ukot11024px-18x10.jpg 18w\" sizes=\"(max-width: 800px) 100vw, 800px\" \/>\t\t\t\t\t\t\t\t\t\t\t\t\t\t\t<\/div>\n\t\t\t\t<\/div>\n\t\t\t\t\t<\/div>\n\t\t\t\t<\/div>\n\t\t<div class=\"elementor-element elementor-element-82f96b4 e-grid e-con-boxed e-con e-parent\" data-id=\"82f96b4\" data-element_type=\"container\">\n\t\t\t\t\t<div class=\"e-con-inner\">\n\t\t<div class=\"elementor-element elementor-element-caa976c e-grid e-con-full e-con e-child\" data-id=\"caa976c\" data-element_type=\"container\">\n\t\t\t\t<div class=\"elementor-element elementor-element-18b5f46 elementor-widget elementor-widget-wpzoom-elementor-addons-image-box\" data-id=\"18b5f46\" data-element_type=\"widget\" data-widget_type=\"wpzoom-elementor-addons-image-box.default\">\n\t\t\t\t<div class=\"elementor-widget-container\">\n\t\t\t\t\t\t\t<div class=\"wpzoom-elementor-addons-image-box\">\n\t\t\t<h3>\n\t\t\t\t<a href=\"https:\/\/ogvalmennus.fi\/en\/harri-henriksson\/\" class=\"wpzoom-elementor-addons-image-box-link is-linked has-image\" style=\"background-image:url('https:\/\/ogvalmennus.fi\/wp-content\/uploads\/2025\/06\/Harri_web.png');\"><span>Harri Henriksson<\/span><\/a>\t\t\t<\/h3>\n\t\t<\/div><!-- \/\/.wpzoom-elementor-addons-image-box -->\n\t\t\t\t\t\t<\/div>\n\t\t\t\t<\/div>\n\t\t\t\t<div class=\"elementor-element elementor-element-74b8471 elementor-widget elementor-widget-wpzoom-elementor-addons-image-box\" data-id=\"74b8471\" data-element_type=\"widget\" data-widget_type=\"wpzoom-elementor-addons-image-box.default\">\n\t\t\t\t<div class=\"elementor-widget-container\">\n\t\t\t\t\t\t\t<div class=\"wpzoom-elementor-addons-image-box\">\n\t\t\t<h3>\n\t\t\t\t<a href=\"https:\/\/ogvalmennus.fi\/en\/teemu-ollikainen\/\" class=\"wpzoom-elementor-addons-image-box-link is-linked has-image\" style=\"background-image:url('https:\/\/ogvalmennus.fi\/wp-content\/uploads\/2025\/06\/Teemu_web.png');\"><span>Teemu Ollikainen<\/span><\/a>\t\t\t<\/h3>\n\t\t<\/div><!-- \/\/.wpzoom-elementor-addons-image-box -->\n\t\t\t\t\t\t<\/div>\n\t\t\t\t<\/div>\n\t\t\t\t<div class=\"elementor-element elementor-element-93ffcf9 elementor-widget elementor-widget-wpzoom-elementor-addons-image-box\" data-id=\"93ffcf9\" data-element_type=\"widget\" data-widget_type=\"wpzoom-elementor-addons-image-box.default\">\n\t\t\t\t<div class=\"elementor-widget-container\">\n\t\t\t\t\t\t\t<div class=\"wpzoom-elementor-addons-image-box\">\n\t\t\t<h3>\n\t\t\t\t<a href=\"https:\/\/ogvalmennus.fi\/en\/mikko-sammalkivi\/\" class=\"wpzoom-elementor-addons-image-box-link is-linked has-image\" style=\"background-image:url('https:\/\/ogvalmennus.fi\/wp-content\/uploads\/2025\/08\/Mikko_final_web.png');\"><span>Mikko Sammalkivi<\/span><\/a>\t\t\t<\/h3>\n\t\t<\/div><!-- \/\/.wpzoom-elementor-addons-image-box -->\n\t\t\t\t\t\t<\/div>\n\t\t\t\t<\/div>\n\t\t\t\t<\/div>\n\t\t\t\t\t<\/div>\n\t\t\t\t<\/div>\n\t\t<div class=\"elementor-element elementor-element-e72ef5f e-grid e-con-boxed e-con e-parent\" data-id=\"e72ef5f\" data-element_type=\"container\">\n\t\t\t\t\t<div class=\"e-con-inner\">\n\t\t\t\t<div class=\"elementor-element elementor-element-213ebfc elementor-widget-divider--separator-type-pattern elementor-widget-divider--no-spacing elementor-widget-divider--view-line elementor-widget elementor-widget-divider\" data-id=\"213ebfc\" data-element_type=\"widget\" data-widget_type=\"divider.default\">\n\t\t\t\t<div class=\"elementor-widget-container\">\n\t\t\t\t\t\t\t<div class=\"elementor-divider\" style=\"--divider-pattern-url: url(&quot;data:image\/svg+xml,%3Csvg xmlns=&#039;http:\/\/www.w3.org\/2000\/svg&#039; preserveAspectRatio=&#039;xMidYMid meet&#039; overflow=&#039;visible&#039; height=&#039;100%&#039; viewBox=&#039;0 0 126 26&#039; fill=&#039;black&#039; stroke=&#039;none&#039;%3E%3Cpath d=&#039;M111.9,18.3v3.4H109v-3.4H111.9z M90.8,18.3v3.4H88v-3.4H90.8z M69.8,18.3v3.4h-2.9v-3.4H69.8z M48.8,18.3v3.4h-2.9v-3.4H48.8z M27.7,18.3v3.4h-2.9v-3.4H27.7z M6.7,18.3v3.4H3.8v-3.4H6.7z M46.4,4l4.3,4.8l-1.8,0l3.5,4.4l-2.2-0.1l3,3.3l-11,0.4l3.6-3.8l-2.9-0.1l3.1-4.2l-1.9,0L46.4,4z M111.4,4l2.4,4.8l-1.8,0l3.5,4.4l-2.5-0.1l3.3,3.3h-11l3.1-3.4l-2.5-0.1l3.1-4.2l-1.9,0L111.4,4z M89.9,4l2.9,4.8l-1.9,0l3.2,4.2l-2.5,0l3.5,3.5l-11-0.4l3-3.1l-2.4,0L88,8.8l-1.9,0L89.9,4z M68.6,4l3,4.4l-1.9,0.1l3.4,4.1l-2.7,0.1l3.8,3.7H63.8l2.9-3.6l-2.9,0.1L67,8.7l-2,0.1L68.6,4z M26.5,4l3,4.4l-1.9,0.1l3.7,4.7l-2.5-0.1l3.3,3.3H21l3.1-3.4l-2.5-0.1l3.2-4.3l-2,0.1L26.5,4z M4.9,4l3.7,4.8l-1.5,0l3.1,4.2L7.6,13l3.4,3.4H0l3-3.3l-2.3,0.1l3.5-4.4l-2.3,0L4.9,4z&#039;\/%3E%3C\/svg%3E&quot;);\">\n\t\t\t<span class=\"elementor-divider-separator\">\n\t\t\t\t\t\t<\/span>\n\t\t<\/div>\n\t\t\t\t\t\t<\/div>\n\t\t\t\t<\/div>\n\t\t\t\t\t<\/div>\n\t\t\t\t<\/div>\n\t\t\t\t<\/div>","protected":false},"excerpt":{"rendered":"<p>Tutustu tarkemmin asiantuntijoihimme: Yhteydenotto Terveys, hyvinvointi ja ty\u00f6ss\u00e4 jaksaminen \u2013 asiantuntijatiimi tukenasi Valmennustiimimme on erikoistunut mielen hyvinvointiin, ty\u00f6ss\u00e4 jaksamiseen, stressinhallintaan ja kest\u00e4v\u00e4\u00e4n hyvinvointiin. Meill\u00e4 on yli 60 vuoden kokemus mielenterveysty\u00f6st\u00e4 psykologeina, psykoterapeutteina ja psykiatrisina sairaanhoitajina \u2013 ja olemme kohdanneet ty\u00f6ss\u00e4mme l\u00e4hes kaiken maan ja taivaan v\u00e4lilt\u00e4. Mielen ja kehon yhteys on valmennuksemme ydin. Sen lis\u00e4ksi, [&hellip;]<\/p>","protected":false},"author":2,"featured_media":0,"parent":0,"menu_order":0,"comment_status":"closed","ping_status":"closed","template":"","meta":{"footnotes":""},"class_list":["post-825","page","type-page","status-publish","hentry"],"yoast_head":"<!-- This site is optimized with the Yoast SEO plugin v26.6 - https:\/\/yoast.com\/wordpress\/plugins\/seo\/ -->\n<title>Asiantuntijamme - OG Valmennus<\/title>\n<meta name=\"description\" content=\"Tutustu OG Valmennuksen asiantuntijoihin. Yli 60 vuoden kokemus mielenterveydest\u00e4, stressinhallinnasta ja kest\u00e4v\u00e4st\u00e4 hyvinvoinnista.\" \/>\n<meta name=\"robots\" content=\"index, follow, max-snippet:-1, max-image-preview:large, max-video-preview:-1\" \/>\n<link rel=\"canonical\" href=\"https:\/\/ogvalmennus.fi\/en\/asiantuntijamme\/\" \/>\n<meta property=\"og:locale\" content=\"en_US\" \/>\n<meta property=\"og:type\" content=\"article\" \/>\n<meta property=\"og:title\" content=\"Asiantuntijamme - OG Valmennus\" \/>\n<meta property=\"og:description\" content=\"Tutustu OG Valmennuksen asiantuntijoihin. Yli 60 vuoden kokemus mielenterveydest\u00e4, stressinhallinnasta ja kest\u00e4v\u00e4st\u00e4 hyvinvoinnista.\" \/>\n<meta property=\"og:url\" content=\"https:\/\/ogvalmennus.fi\/en\/asiantuntijamme\/\" \/>\n<meta property=\"og:site_name\" content=\"OG Valmennus\" \/>\n<meta property=\"article:modified_time\" content=\"2025-12-17T12:13:06+00:00\" \/>\n<meta property=\"og:image\" content=\"https:\/\/ogvalmennus.fi\/wp-content\/uploads\/2025\/07\/OG_ukot11024px.jpg\" \/>\n\t<meta property=\"og:image:width\" content=\"1024\" \/>\n\t<meta property=\"og:image:height\" content=\"544\" \/>\n\t<meta property=\"og:image:type\" content=\"image\/jpeg\" \/>\n<meta name=\"twitter:card\" content=\"summary_large_image\" \/>\n<meta name=\"twitter:label1\" content=\"Est. reading time\" \/>\n\t<meta name=\"twitter:data1\" content=\"1 minute\" \/>\n<script type=\"application\/ld+json\" class=\"yoast-schema-graph\">{\"@context\":\"https:\/\/schema.org\",\"@graph\":[{\"@type\":\"WebPage\",\"@id\":\"https:\/\/ogvalmennus.fi\/asiantuntijamme\/\",\"url\":\"https:\/\/ogvalmennus.fi\/asiantuntijamme\/\",\"name\":\"Asiantuntijamme - OG Valmennus\",\"isPartOf\":{\"@id\":\"https:\/\/ogvalmennus.fi\/#website\"},\"primaryImageOfPage\":{\"@id\":\"https:\/\/ogvalmennus.fi\/asiantuntijamme\/#primaryimage\"},\"image\":{\"@id\":\"https:\/\/ogvalmennus.fi\/asiantuntijamme\/#primaryimage\"},\"thumbnailUrl\":\"https:\/\/ogvalmennus.fi\/wp-content\/uploads\/2025\/07\/OG_ukot11024px.jpg\",\"datePublished\":\"2025-06-27T15:01:02+00:00\",\"dateModified\":\"2025-12-17T12:13:06+00:00\",\"description\":\"Tutustu OG Valmennuksen asiantuntijoihin. Yli 60 vuoden kokemus mielenterveydest\u00e4, stressinhallinnasta ja kest\u00e4v\u00e4st\u00e4 hyvinvoinnista.\",\"breadcrumb\":{\"@id\":\"https:\/\/ogvalmennus.fi\/asiantuntijamme\/#breadcrumb\"},\"inLanguage\":\"en-US\",\"potentialAction\":[{\"@type\":\"ReadAction\",\"target\":[\"https:\/\/ogvalmennus.fi\/asiantuntijamme\/\"]}]},{\"@type\":\"ImageObject\",\"inLanguage\":\"en-US\",\"@id\":\"https:\/\/ogvalmennus.fi\/asiantuntijamme\/#primaryimage\",\"url\":\"https:\/\/ogvalmennus.fi\/wp-content\/uploads\/2025\/07\/OG_ukot11024px.jpg\",\"contentUrl\":\"https:\/\/ogvalmennus.fi\/wp-content\/uploads\/2025\/07\/OG_ukot11024px.jpg\"},{\"@type\":\"BreadcrumbList\",\"@id\":\"https:\/\/ogvalmennus.fi\/asiantuntijamme\/#breadcrumb\",\"itemListElement\":[{\"@type\":\"ListItem\",\"position\":1,\"name\":\"Home\",\"item\":\"https:\/\/ogvalmennus.fi\/\"},{\"@type\":\"ListItem\",\"position\":2,\"name\":\"Asiantuntijamme\"}]},{\"@type\":\"WebSite\",\"@id\":\"https:\/\/ogvalmennus.fi\/#website\",\"url\":\"https:\/\/ogvalmennus.fi\/\",\"name\":\"OG Valmennus\",\"description\":\"Valmennus, joka tukee palautumista, ty\u00f6ss\u00e4 jaksamista ja el\u00e4m\u00e4ntapamuutoksia ilman \u00e4\u00e4rimm\u00e4isi\u00e4 muutoksia. Kest\u00e4v\u00e4 hyvinvointi tasapainossa.\",\"publisher\":{\"@id\":\"https:\/\/ogvalmennus.fi\/#organization\"},\"potentialAction\":[{\"@type\":\"SearchAction\",\"target\":{\"@type\":\"EntryPoint\",\"urlTemplate\":\"https:\/\/ogvalmennus.fi\/?s={search_term_string}\"},\"query-input\":{\"@type\":\"PropertyValueSpecification\",\"valueRequired\":true,\"valueName\":\"search_term_string\"}}],\"inLanguage\":\"en-US\"},{\"@type\":\"Organization\",\"@id\":\"https:\/\/ogvalmennus.fi\/#organization\",\"name\":\"OG Valmennus\",\"url\":\"https:\/\/ogvalmennus.fi\/\",\"logo\":{\"@type\":\"ImageObject\",\"inLanguage\":\"en-US\",\"@id\":\"https:\/\/ogvalmennus.fi\/#\/schema\/logo\/image\/\",\"url\":\"https:\/\/ogvalmennus.fi\/wp-content\/uploads\/2025\/04\/OG_valmennus_logo_nega.png\",\"contentUrl\":\"https:\/\/ogvalmennus.fi\/wp-content\/uploads\/2025\/04\/OG_valmennus_logo_nega.png\",\"width\":1025,\"height\":769,\"caption\":\"OG Valmennus\"},\"image\":{\"@id\":\"https:\/\/ogvalmennus.fi\/#\/schema\/logo\/image\/\"}}]}<\/script>\n<!-- \/ Yoast SEO plugin. -->","yoast_head_json":{"title":"Asiantuntijamme - OG Valmennus","description":"Tutustu OG Valmennuksen asiantuntijoihin. Yli 60 vuoden kokemus mielenterveydest\u00e4, stressinhallinnasta ja kest\u00e4v\u00e4st\u00e4 hyvinvoinnista.","robots":{"index":"index","follow":"follow","max-snippet":"max-snippet:-1","max-image-preview":"max-image-preview:large","max-video-preview":"max-video-preview:-1"},"canonical":"https:\/\/ogvalmennus.fi\/en\/asiantuntijamme\/","og_locale":"en_US","og_type":"article","og_title":"Asiantuntijamme - OG Valmennus","og_description":"Tutustu OG Valmennuksen asiantuntijoihin. Yli 60 vuoden kokemus mielenterveydest\u00e4, stressinhallinnasta ja kest\u00e4v\u00e4st\u00e4 hyvinvoinnista.","og_url":"https:\/\/ogvalmennus.fi\/en\/asiantuntijamme\/","og_site_name":"OG Valmennus","article_modified_time":"2025-12-17T12:13:06+00:00","og_image":[{"width":1024,"height":544,"url":"https:\/\/ogvalmennus.fi\/wp-content\/uploads\/2025\/07\/OG_ukot11024px.jpg","type":"image\/jpeg"}],"twitter_card":"summary_large_image","twitter_misc":{"Est. reading time":"1 minute"},"schema":{"@context":"https:\/\/schema.org","@graph":[{"@type":"WebPage","@id":"https:\/\/ogvalmennus.fi\/asiantuntijamme\/","url":"https:\/\/ogvalmennus.fi\/asiantuntijamme\/","name":"Asiantuntijamme - OG Valmennus","isPartOf":{"@id":"https:\/\/ogvalmennus.fi\/#website"},"primaryImageOfPage":{"@id":"https:\/\/ogvalmennus.fi\/asiantuntijamme\/#primaryimage"},"image":{"@id":"https:\/\/ogvalmennus.fi\/asiantuntijamme\/#primaryimage"},"thumbnailUrl":"https:\/\/ogvalmennus.fi\/wp-content\/uploads\/2025\/07\/OG_ukot11024px.jpg","datePublished":"2025-06-27T15:01:02+00:00","dateModified":"2025-12-17T12:13:06+00:00","description":"Tutustu OG Valmennuksen asiantuntijoihin. Yli 60 vuoden kokemus mielenterveydest\u00e4, stressinhallinnasta ja kest\u00e4v\u00e4st\u00e4 hyvinvoinnista.","breadcrumb":{"@id":"https:\/\/ogvalmennus.fi\/asiantuntijamme\/#breadcrumb"},"inLanguage":"en-US","potentialAction":[{"@type":"ReadAction","target":["https:\/\/ogvalmennus.fi\/asiantuntijamme\/"]}]},{"@type":"ImageObject","inLanguage":"en-US","@id":"https:\/\/ogvalmennus.fi\/asiantuntijamme\/#primaryimage","url":"https:\/\/ogvalmennus.fi\/wp-content\/uploads\/2025\/07\/OG_ukot11024px.jpg","contentUrl":"https:\/\/ogvalmennus.fi\/wp-content\/uploads\/2025\/07\/OG_ukot11024px.jpg"},{"@type":"BreadcrumbList","@id":"https:\/\/ogvalmennus.fi\/asiantuntijamme\/#breadcrumb","itemListElement":[{"@type":"ListItem","position":1,"name":"Home","item":"https:\/\/ogvalmennus.fi\/"},{"@type":"ListItem","position":2,"name":"Asiantuntijamme"}]},{"@type":"WebSite","@id":"https:\/\/ogvalmennus.fi\/#website","url":"https:\/\/ogvalmennus.fi\/","name":"OG Valmennus","description":"Valmennus, joka tukee palautumista, ty\u00f6ss\u00e4 jaksamista ja el\u00e4m\u00e4ntapamuutoksia ilman \u00e4\u00e4rimm\u00e4isi\u00e4 muutoksia. Kest\u00e4v\u00e4 hyvinvointi tasapainossa.","publisher":{"@id":"https:\/\/ogvalmennus.fi\/#organization"},"potentialAction":[{"@type":"SearchAction","target":{"@type":"EntryPoint","urlTemplate":"https:\/\/ogvalmennus.fi\/?s={search_term_string}"},"query-input":{"@type":"PropertyValueSpecification","valueRequired":true,"valueName":"search_term_string"}}],"inLanguage":"en-US"},{"@type":"Organization","@id":"https:\/\/ogvalmennus.fi\/#organization","name":"OG Valmennus","url":"https:\/\/ogvalmennus.fi\/","logo":{"@type":"ImageObject","inLanguage":"en-US","@id":"https:\/\/ogvalmennus.fi\/#\/schema\/logo\/image\/","url":"https:\/\/ogvalmennus.fi\/wp-content\/uploads\/2025\/04\/OG_valmennus_logo_nega.png","contentUrl":"https:\/\/ogvalmennus.fi\/wp-content\/uploads\/2025\/04\/OG_valmennus_logo_nega.png","width":1025,"height":769,"caption":"OG Valmennus"},"image":{"@id":"https:\/\/ogvalmennus.fi\/#\/schema\/logo\/image\/"}}]}},"_links":{"self":[{"href":"https:\/\/ogvalmennus.fi\/en\/wp-json\/wp\/v2\/pages\/825","targetHints":{"allow":["GET"]}}],"collection":[{"href":"https:\/\/ogvalmennus.fi\/en\/wp-json\/wp\/v2\/pages"}],"about":[{"href":"https:\/\/ogvalmennus.fi\/en\/wp-json\/wp\/v2\/types\/page"}],"author":[{"embeddable":true,"href":"https:\/\/ogvalmennus.fi\/en\/wp-json\/wp\/v2\/users\/2"}],"replies":[{"embeddable":true,"href":"https:\/\/ogvalmennus.fi\/en\/wp-json\/wp\/v2\/comments?post=825"}],"version-history":[{"count":67,"href":"https:\/\/ogvalmennus.fi\/en\/wp-json\/wp\/v2\/pages\/825\/revisions"}],"predecessor-version":[{"id":1848,"href":"https:\/\/ogvalmennus.fi\/en\/wp-json\/wp\/v2\/pages\/825\/revisions\/1848"}],"wp:attachment":[{"href":"https:\/\/ogvalmennus.fi\/en\/wp-json\/wp\/v2\/media?parent=825"}],"curies":[{"name":"wp","href":"https:\/\/api.w.org\/{rel}","templated":true}]}}