{"id":720,"date":"2025-06-27T18:01:52","date_gmt":"2025-06-27T15:01:52","guid":{"rendered":"https:\/\/ogvalmennus.fi\/?page_id=720"},"modified":"2025-09-17T16:24:38","modified_gmt":"2025-09-17T13:24:38","slug":"harri-henriksson","status":"publish","type":"page","link":"https:\/\/ogvalmennus.fi\/en\/harri-henriksson\/","title":{"rendered":"Harri Henriksson"},"content":{"rendered":"<div data-elementor-type=\"wp-page\" data-elementor-id=\"720\" class=\"elementor elementor-720\" data-elementor-post-type=\"page\">\n\t\t\t\t<div class=\"elementor-element elementor-element-d0e4351 e-flex e-con-boxed e-con e-parent\" data-id=\"d0e4351\" data-element_type=\"container\">\n\t\t\t\t\t<div class=\"e-con-inner\">\n\t\t<div class=\"elementor-element elementor-element-aeab1c6 e-con-full e-flex e-con e-child\" data-id=\"aeab1c6\" data-element_type=\"container\">\n\t\t\t\t<div class=\"elementor-element elementor-element-ce5698d elementor-widget elementor-widget-wpzoom-elementor-addons-image-box\" data-id=\"ce5698d\" data-element_type=\"widget\" data-widget_type=\"wpzoom-elementor-addons-image-box.default\">\n\t\t\t\t<div class=\"elementor-widget-container\">\n\t\t\t\t\t\t\t<div class=\"wpzoom-elementor-addons-image-box\">\n\t\t\t<h3>\n\t\t\t\t<span class=\"wpzoom-elementor-addons-image-box-link not-linked has-image\" style=\"background-image:url('https:\/\/ogvalmennus.fi\/wp-content\/uploads\/2025\/06\/Harri_web.png');\"><span>Harri Henriksson<\/span><\/span>\t\t\t<\/h3>\n\t\t<\/div><!-- \/\/.wpzoom-elementor-addons-image-box -->\n\t\t\t\t\t\t<\/div>\n\t\t\t\t<\/div>\n\t\t\t\t<\/div>\n\t\t<div class=\"elementor-element elementor-element-6b2d782 e-con-full e-flex e-con e-child\" data-id=\"6b2d782\" data-element_type=\"container\">\n\t\t\t\t<div class=\"elementor-element elementor-element-7286aab elementor-widget elementor-widget-text-editor\" data-id=\"7286aab\" data-element_type=\"widget\" data-widget_type=\"text-editor.default\">\n\t\t\t\t<div class=\"elementor-widget-container\">\n\t\t\t\t\t\t\t\t\t<ul class=\"wp-block-list\"><li><em>Psychiatric nurse<\/em><\/li><li><em>Psychotherapist<\/em><\/li><li><em>Personal trainer<\/em><\/li><li><em>Coach<\/em><\/li><\/ul>\t\t\t\t\t\t\t\t<\/div>\n\t\t\t\t<\/div>\n\t\t\t\t<\/div>\n\t\t\t\t\t<\/div>\n\t\t\t\t<\/div>\n\t\t<div class=\"elementor-element elementor-element-2afcfdf e-flex e-con-boxed e-con e-parent\" data-id=\"2afcfdf\" data-element_type=\"container\">\n\t\t\t\t\t<div class=\"e-con-inner\">\n\t\t\t\t<div class=\"elementor-element elementor-element-362f7d5 elementor-widget-divider--separator-type-pattern elementor-widget-divider--no-spacing elementor-widget-divider--view-line elementor-widget elementor-widget-divider\" data-id=\"362f7d5\" data-element_type=\"widget\" data-widget_type=\"divider.default\">\n\t\t\t\t<div class=\"elementor-widget-container\">\n\t\t\t\t\t\t\t<div class=\"elementor-divider\" style=\"--divider-pattern-url: url(&quot;data:image\/svg+xml,%3Csvg xmlns=&#039;http:\/\/www.w3.org\/2000\/svg&#039; preserveAspectRatio=&#039;xMidYMid meet&#039; overflow=&#039;visible&#039; height=&#039;100%&#039; viewBox=&#039;0 0 126 26&#039; fill=&#039;black&#039; stroke=&#039;none&#039;%3E%3Cpath d=&#039;M111.9,18.3v3.4H109v-3.4H111.9z M90.8,18.3v3.4H88v-3.4H90.8z M69.8,18.3v3.4h-2.9v-3.4H69.8z M48.8,18.3v3.4h-2.9v-3.4H48.8z M27.7,18.3v3.4h-2.9v-3.4H27.7z M6.7,18.3v3.4H3.8v-3.4H6.7z M46.4,4l4.3,4.8l-1.8,0l3.5,4.4l-2.2-0.1l3,3.3l-11,0.4l3.6-3.8l-2.9-0.1l3.1-4.2l-1.9,0L46.4,4z M111.4,4l2.4,4.8l-1.8,0l3.5,4.4l-2.5-0.1l3.3,3.3h-11l3.1-3.4l-2.5-0.1l3.1-4.2l-1.9,0L111.4,4z M89.9,4l2.9,4.8l-1.9,0l3.2,4.2l-2.5,0l3.5,3.5l-11-0.4l3-3.1l-2.4,0L88,8.8l-1.9,0L89.9,4z M68.6,4l3,4.4l-1.9,0.1l3.4,4.1l-2.7,0.1l3.8,3.7H63.8l2.9-3.6l-2.9,0.1L67,8.7l-2,0.1L68.6,4z M26.5,4l3,4.4l-1.9,0.1l3.7,4.7l-2.5-0.1l3.3,3.3H21l3.1-3.4l-2.5-0.1l3.2-4.3l-2,0.1L26.5,4z M4.9,4l3.7,4.8l-1.5,0l3.1,4.2L7.6,13l3.4,3.4H0l3-3.3l-2.3,0.1l3.5-4.4l-2.3,0L4.9,4z&#039;\/%3E%3C\/svg%3E&quot;);\">\n\t\t\t<span class=\"elementor-divider-separator\">\n\t\t\t\t\t\t<\/span>\n\t\t<\/div>\n\t\t\t\t\t\t<\/div>\n\t\t\t\t<\/div>\n\t\t\t\t<div class=\"elementor-element elementor-element-9e9b3f5 elementor-widget elementor-widget-text-editor\" data-id=\"9e9b3f5\" data-element_type=\"widget\" data-widget_type=\"text-editor.default\">\n\t\t\t\t<div class=\"elementor-widget-container\">\n\t\t\t\t\t\t\t\t\t<h2>Harri Henriksson \u2013 psykoterapeutti, sairaanhoitaja ja valmentaja<\/h2><p>I bring lived experience\u2014especially when it comes to overtraining and burnout. I know exactly what not to do. I\u2019ve made nearly every possible mistake in sports and learned the hard way what happens when you underestimate the demands of work and life. Thankfully, I\u2019ve grown wiser and more compassionate toward both myself and those I coach. These days, moderation is a word I truly value.<\/p><p>Thanks to my background in nursing, I see people as whole beings\u2014where the different areas of life are interconnected. Life is rarely perfectly balanced, but understanding and observing the causes of imbalance is the first step toward change.<\/p><p>My approach to coaching is highly practical. But behind every concrete goal lie the mind, emotions, thoughts, and physical sensations. Developing awareness and insight into these elements is, in my view, essential for lasting change. In coaching, we aim for a deeper understanding of the self.<\/p><p>As a person, I\u2019m approachable, social, straightforward, and flexible. The days of unnecessary pressure and perfectionism are behind me.<\/p><p><em><strong>My personal motto quotes Second Lieutenant Koskela: \u201cWe take care of the essentials. The rest\u2014we\u2019re like free-range chickens.\u201d (A classic Finnish quote.)<\/strong><\/em><\/p>\t\t\t\t\t\t\t\t<\/div>\n\t\t\t\t<\/div>\n\t\t\t\t<div class=\"elementor-element elementor-element-9949fb7 elementor-align-center elementor-widget elementor-widget-button\" data-id=\"9949fb7\" data-element_type=\"widget\" data-widget_type=\"button.default\">\n\t\t\t\t<div class=\"elementor-widget-container\">\n\t\t\t\t\t\t\t\t\t<div class=\"elementor-button-wrapper\">\n\t\t\t\t\t<a class=\"elementor-button elementor-button-link elementor-size-sm\" href=\"mailto:%20harri@ogvalmennus.fi\">\n\t\t\t\t\t\t<span class=\"elementor-button-content-wrapper\">\n\t\t\t\t\t\t\t\t\t<span class=\"elementor-button-text\">Contact Harri<\/span>\n\t\t\t\t\t<\/span>\n\t\t\t\t\t<\/a>\n\t\t\t\t<\/div>\n\t\t\t\t\t\t\t\t<\/div>\n\t\t\t\t<\/div>\n\t\t\t\t<div class=\"elementor-element elementor-element-752a59e elementor-widget elementor-widget-spacer\" data-id=\"752a59e\" data-element_type=\"widget\" data-widget_type=\"spacer.default\">\n\t\t\t\t<div class=\"elementor-widget-container\">\n\t\t\t\t\t\t\t<div class=\"elementor-spacer\">\n\t\t\t<div class=\"elementor-spacer-inner\"><\/div>\n\t\t<\/div>\n\t\t\t\t\t\t<\/div>\n\t\t\t\t<\/div>\n\t\t\t\t<div class=\"elementor-element elementor-element-9a8bc17 elementor-shape-rounded elementor-grid-0 e-grid-align-center elementor-widget elementor-widget-social-icons\" data-id=\"9a8bc17\" data-element_type=\"widget\" data-widget_type=\"social-icons.default\">\n\t\t\t\t<div class=\"elementor-widget-container\">\n\t\t\t\t\t\t\t<div class=\"elementor-social-icons-wrapper elementor-grid\">\n\t\t\t\t\t\t\t<span class=\"elementor-grid-item\">\n\t\t\t\t\t<a class=\"elementor-icon elementor-social-icon elementor-social-icon-linkedin elementor-repeater-item-5a190a5\" href=\"https:\/\/www.linkedin.com\/in\/harri-henriksson-773731333\/\" target=\"_blank\">\n\t\t\t\t\t\t<span class=\"elementor-screen-only\">Linkedin<\/span>\n\t\t\t\t\t\t<svg aria-hidden=\"true\" class=\"e-font-icon-svg e-fab-linkedin\" viewbox=\"0 0 448 512\" xmlns=\"http:\/\/www.w3.org\/2000\/svg\"><path d=\"M416 32H31.9C14.3 32 0 46.5 0 64.3v383.4C0 465.5 14.3 480 31.9 480H416c17.6 0 32-14.5 32-32.3V64.3c0-17.8-14.4-32.3-32-32.3zM135.4 416H69V202.2h66.5V416zm-33.2-243c-21.3 0-38.5-17.3-38.5-38.5S80.9 96 102.2 96c21.2 0 38.5 17.3 38.5 38.5 0 21.3-17.2 38.5-38.5 38.5zm282.1 243h-66.4V312c0-24.8-.5-56.7-34.5-56.7-34.6 0-39.9 27-39.9 54.9V416h-66.4V202.2h63.7v29.2h.9c8.9-16.8 30.6-34.5 62.9-34.5 67.2 0 79.7 44.3 79.7 101.9V416z\"><\/path><\/svg>\t\t\t\t\t<\/a>\n\t\t\t\t<\/span>\n\t\t\t\t\t<\/div>\n\t\t\t\t\t\t<\/div>\n\t\t\t\t<\/div>\n\t\t\t\t\t<\/div>\n\t\t\t\t<\/div>\n\t\t<div class=\"elementor-element elementor-element-df5e131 e-grid e-con-boxed e-con e-parent\" data-id=\"df5e131\" data-element_type=\"container\">\n\t\t\t\t\t<div class=\"e-con-inner\">\n\t\t\t\t<div class=\"elementor-element elementor-element-feb03d5 elementor-widget-divider--separator-type-pattern elementor-widget-divider--no-spacing elementor-widget-divider--view-line elementor-widget elementor-widget-divider\" data-id=\"feb03d5\" data-element_type=\"widget\" data-widget_type=\"divider.default\">\n\t\t\t\t<div class=\"elementor-widget-container\">\n\t\t\t\t\t\t\t<div class=\"elementor-divider\" style=\"--divider-pattern-url: url(&quot;data:image\/svg+xml,%3Csvg xmlns=&#039;http:\/\/www.w3.org\/2000\/svg&#039; preserveAspectRatio=&#039;xMidYMid meet&#039; overflow=&#039;visible&#039; height=&#039;100%&#039; viewBox=&#039;0 0 126 26&#039; fill=&#039;black&#039; stroke=&#039;none&#039;%3E%3Cpath d=&#039;M111.9,18.3v3.4H109v-3.4H111.9z M90.8,18.3v3.4H88v-3.4H90.8z M69.8,18.3v3.4h-2.9v-3.4H69.8z M48.8,18.3v3.4h-2.9v-3.4H48.8z M27.7,18.3v3.4h-2.9v-3.4H27.7z M6.7,18.3v3.4H3.8v-3.4H6.7z M46.4,4l4.3,4.8l-1.8,0l3.5,4.4l-2.2-0.1l3,3.3l-11,0.4l3.6-3.8l-2.9-0.1l3.1-4.2l-1.9,0L46.4,4z M111.4,4l2.4,4.8l-1.8,0l3.5,4.4l-2.5-0.1l3.3,3.3h-11l3.1-3.4l-2.5-0.1l3.1-4.2l-1.9,0L111.4,4z M89.9,4l2.9,4.8l-1.9,0l3.2,4.2l-2.5,0l3.5,3.5l-11-0.4l3-3.1l-2.4,0L88,8.8l-1.9,0L89.9,4z M68.6,4l3,4.4l-1.9,0.1l3.4,4.1l-2.7,0.1l3.8,3.7H63.8l2.9-3.6l-2.9,0.1L67,8.7l-2,0.1L68.6,4z M26.5,4l3,4.4l-1.9,0.1l3.7,4.7l-2.5-0.1l3.3,3.3H21l3.1-3.4l-2.5-0.1l3.2-4.3l-2,0.1L26.5,4z M4.9,4l3.7,4.8l-1.5,0l3.1,4.2L7.6,13l3.4,3.4H0l3-3.3l-2.3,0.1l3.5-4.4l-2.3,0L4.9,4z&#039;\/%3E%3C\/svg%3E&quot;);\">\n\t\t\t<span class=\"elementor-divider-separator\">\n\t\t\t\t\t\t<\/span>\n\t\t<\/div>\n\t\t\t\t\t\t<\/div>\n\t\t\t\t<\/div>\n\t\t\t\t\t<\/div>\n\t\t\t\t<\/div>\n\t\t<div class=\"elementor-element elementor-element-f49fde0 e-flex e-con-boxed e-con e-parent\" data-id=\"f49fde0\" data-element_type=\"container\">\n\t\t\t\t\t<div class=\"e-con-inner\">\n\t\t\t\t\t<\/div>\n\t\t\t\t<\/div>\n\t\t\t\t<\/div>","protected":false},"excerpt":{"rendered":"<p>Harri Henriksson Psykiatrinen sairaanhoitaja Psykoterapeutti Personal trainer Valmentaja Harri Henriksson \u2013 psykoterapeutti, sairaanhoitaja ja valmentaja Olen itse kokemusasiantuntija ainakin v\u00e4\u00e4rin liikkumisen ja uupumuksen osalta, tied\u00e4n mit\u00e4 ei pid\u00e4 tehd\u00e4. Olen itse tehnyt l\u00e4hes kaikki mahdolliset virheet urheillessa ja k\u00e4ynyt \u201dkantap\u00e4\u00e4opiston\u201d huippuarvosanoin ty\u00f6n m\u00e4\u00e4r\u00e4n ja el\u00e4m\u00e4n kokonaiskuormituksen v\u00e4\u00e4rin arvioimisessa. T\u00e4ll\u00e4 hetkell\u00e4 olen onneksi armeliaampi ja viisaampi [&hellip;]<\/p>","protected":false},"author":2,"featured_media":0,"parent":0,"menu_order":0,"comment_status":"closed","ping_status":"closed","template":"","meta":{"footnotes":""},"class_list":["post-720","page","type-page","status-publish","hentry"],"yoast_head":"<!-- This site is optimized with the Yoast SEO plugin v26.6 - https:\/\/yoast.com\/wordpress\/plugins\/seo\/ -->\n<title>Harri Henriksson - OG Valmennus<\/title>\n<meta name=\"description\" content=\"Harri Henriksson on OG Valmennuksen psykoterapeutti, valmentaja ja personal trainer. Armollisuutta, konkretiaa ja kokemusta \u2013 samassa paketissa.\" \/>\n<meta name=\"robots\" content=\"index, follow, max-snippet:-1, max-image-preview:large, max-video-preview:-1\" \/>\n<link rel=\"canonical\" href=\"https:\/\/ogvalmennus.fi\/en\/harri-henriksson\/\" \/>\n<meta property=\"og:locale\" content=\"en_US\" \/>\n<meta property=\"og:type\" content=\"article\" \/>\n<meta property=\"og:title\" content=\"Harri Henriksson - OG Valmennus\" \/>\n<meta property=\"og:description\" content=\"Harri Henriksson on OG Valmennuksen psykoterapeutti, valmentaja ja personal trainer. Armollisuutta, konkretiaa ja kokemusta \u2013 samassa paketissa.\" \/>\n<meta property=\"og:url\" content=\"https:\/\/ogvalmennus.fi\/en\/harri-henriksson\/\" \/>\n<meta property=\"og:site_name\" content=\"OG Valmennus\" \/>\n<meta property=\"article:modified_time\" content=\"2025-09-17T13:24:38+00:00\" \/>\n<meta name=\"twitter:card\" content=\"summary_large_image\" \/>\n<meta name=\"twitter:label1\" content=\"Est. reading time\" \/>\n\t<meta name=\"twitter:data1\" content=\"1 minute\" \/>\n<script type=\"application\/ld+json\" class=\"yoast-schema-graph\">{\"@context\":\"https:\/\/schema.org\",\"@graph\":[{\"@type\":\"WebPage\",\"@id\":\"https:\/\/ogvalmennus.fi\/harri-henriksson\/\",\"url\":\"https:\/\/ogvalmennus.fi\/harri-henriksson\/\",\"name\":\"Harri Henriksson - OG Valmennus\",\"isPartOf\":{\"@id\":\"https:\/\/ogvalmennus.fi\/#website\"},\"datePublished\":\"2025-06-27T15:01:52+00:00\",\"dateModified\":\"2025-09-17T13:24:38+00:00\",\"description\":\"Harri Henriksson on OG Valmennuksen psykoterapeutti, valmentaja ja personal trainer. Armollisuutta, konkretiaa ja kokemusta \u2013 samassa paketissa.\",\"breadcrumb\":{\"@id\":\"https:\/\/ogvalmennus.fi\/harri-henriksson\/#breadcrumb\"},\"inLanguage\":\"en-US\",\"potentialAction\":[{\"@type\":\"ReadAction\",\"target\":[\"https:\/\/ogvalmennus.fi\/harri-henriksson\/\"]}]},{\"@type\":\"BreadcrumbList\",\"@id\":\"https:\/\/ogvalmennus.fi\/harri-henriksson\/#breadcrumb\",\"itemListElement\":[{\"@type\":\"ListItem\",\"position\":1,\"name\":\"Home\",\"item\":\"https:\/\/ogvalmennus.fi\/\"},{\"@type\":\"ListItem\",\"position\":2,\"name\":\"Harri Henriksson\"}]},{\"@type\":\"WebSite\",\"@id\":\"https:\/\/ogvalmennus.fi\/#website\",\"url\":\"https:\/\/ogvalmennus.fi\/\",\"name\":\"OG Valmennus\",\"description\":\"Valmennus, joka tukee palautumista, ty\u00f6ss\u00e4 jaksamista ja el\u00e4m\u00e4ntapamuutoksia ilman \u00e4\u00e4rimm\u00e4isi\u00e4 muutoksia. Kest\u00e4v\u00e4 hyvinvointi tasapainossa.\",\"publisher\":{\"@id\":\"https:\/\/ogvalmennus.fi\/#organization\"},\"potentialAction\":[{\"@type\":\"SearchAction\",\"target\":{\"@type\":\"EntryPoint\",\"urlTemplate\":\"https:\/\/ogvalmennus.fi\/?s={search_term_string}\"},\"query-input\":{\"@type\":\"PropertyValueSpecification\",\"valueRequired\":true,\"valueName\":\"search_term_string\"}}],\"inLanguage\":\"en-US\"},{\"@type\":\"Organization\",\"@id\":\"https:\/\/ogvalmennus.fi\/#organization\",\"name\":\"OG Valmennus\",\"url\":\"https:\/\/ogvalmennus.fi\/\",\"logo\":{\"@type\":\"ImageObject\",\"inLanguage\":\"en-US\",\"@id\":\"https:\/\/ogvalmennus.fi\/#\/schema\/logo\/image\/\",\"url\":\"https:\/\/ogvalmennus.fi\/wp-content\/uploads\/2025\/04\/OG_valmennus_logo_nega.png\",\"contentUrl\":\"https:\/\/ogvalmennus.fi\/wp-content\/uploads\/2025\/04\/OG_valmennus_logo_nega.png\",\"width\":1025,\"height\":769,\"caption\":\"OG Valmennus\"},\"image\":{\"@id\":\"https:\/\/ogvalmennus.fi\/#\/schema\/logo\/image\/\"}}]}<\/script>\n<!-- \/ Yoast SEO plugin. -->","yoast_head_json":{"title":"Harri Henriksson - OG Valmennus","description":"Harri Henriksson on OG Valmennuksen psykoterapeutti, valmentaja ja personal trainer. Armollisuutta, konkretiaa ja kokemusta \u2013 samassa paketissa.","robots":{"index":"index","follow":"follow","max-snippet":"max-snippet:-1","max-image-preview":"max-image-preview:large","max-video-preview":"max-video-preview:-1"},"canonical":"https:\/\/ogvalmennus.fi\/en\/harri-henriksson\/","og_locale":"en_US","og_type":"article","og_title":"Harri Henriksson - OG Valmennus","og_description":"Harri Henriksson on OG Valmennuksen psykoterapeutti, valmentaja ja personal trainer. Armollisuutta, konkretiaa ja kokemusta \u2013 samassa paketissa.","og_url":"https:\/\/ogvalmennus.fi\/en\/harri-henriksson\/","og_site_name":"OG Valmennus","article_modified_time":"2025-09-17T13:24:38+00:00","twitter_card":"summary_large_image","twitter_misc":{"Est. reading time":"1 minute"},"schema":{"@context":"https:\/\/schema.org","@graph":[{"@type":"WebPage","@id":"https:\/\/ogvalmennus.fi\/harri-henriksson\/","url":"https:\/\/ogvalmennus.fi\/harri-henriksson\/","name":"Harri Henriksson - OG Valmennus","isPartOf":{"@id":"https:\/\/ogvalmennus.fi\/#website"},"datePublished":"2025-06-27T15:01:52+00:00","dateModified":"2025-09-17T13:24:38+00:00","description":"Harri Henriksson on OG Valmennuksen psykoterapeutti, valmentaja ja personal trainer. Armollisuutta, konkretiaa ja kokemusta \u2013 samassa paketissa.","breadcrumb":{"@id":"https:\/\/ogvalmennus.fi\/harri-henriksson\/#breadcrumb"},"inLanguage":"en-US","potentialAction":[{"@type":"ReadAction","target":["https:\/\/ogvalmennus.fi\/harri-henriksson\/"]}]},{"@type":"BreadcrumbList","@id":"https:\/\/ogvalmennus.fi\/harri-henriksson\/#breadcrumb","itemListElement":[{"@type":"ListItem","position":1,"name":"Home","item":"https:\/\/ogvalmennus.fi\/"},{"@type":"ListItem","position":2,"name":"Harri Henriksson"}]},{"@type":"WebSite","@id":"https:\/\/ogvalmennus.fi\/#website","url":"https:\/\/ogvalmennus.fi\/","name":"OG Valmennus","description":"Valmennus, joka tukee palautumista, ty\u00f6ss\u00e4 jaksamista ja el\u00e4m\u00e4ntapamuutoksia ilman \u00e4\u00e4rimm\u00e4isi\u00e4 muutoksia. Kest\u00e4v\u00e4 hyvinvointi tasapainossa.","publisher":{"@id":"https:\/\/ogvalmennus.fi\/#organization"},"potentialAction":[{"@type":"SearchAction","target":{"@type":"EntryPoint","urlTemplate":"https:\/\/ogvalmennus.fi\/?s={search_term_string}"},"query-input":{"@type":"PropertyValueSpecification","valueRequired":true,"valueName":"search_term_string"}}],"inLanguage":"en-US"},{"@type":"Organization","@id":"https:\/\/ogvalmennus.fi\/#organization","name":"OG Valmennus","url":"https:\/\/ogvalmennus.fi\/","logo":{"@type":"ImageObject","inLanguage":"en-US","@id":"https:\/\/ogvalmennus.fi\/#\/schema\/logo\/image\/","url":"https:\/\/ogvalmennus.fi\/wp-content\/uploads\/2025\/04\/OG_valmennus_logo_nega.png","contentUrl":"https:\/\/ogvalmennus.fi\/wp-content\/uploads\/2025\/04\/OG_valmennus_logo_nega.png","width":1025,"height":769,"caption":"OG Valmennus"},"image":{"@id":"https:\/\/ogvalmennus.fi\/#\/schema\/logo\/image\/"}}]}},"_links":{"self":[{"href":"https:\/\/ogvalmennus.fi\/en\/wp-json\/wp\/v2\/pages\/720","targetHints":{"allow":["GET"]}}],"collection":[{"href":"https:\/\/ogvalmennus.fi\/en\/wp-json\/wp\/v2\/pages"}],"about":[{"href":"https:\/\/ogvalmennus.fi\/en\/wp-json\/wp\/v2\/types\/page"}],"author":[{"embeddable":true,"href":"https:\/\/ogvalmennus.fi\/en\/wp-json\/wp\/v2\/users\/2"}],"replies":[{"embeddable":true,"href":"https:\/\/ogvalmennus.fi\/en\/wp-json\/wp\/v2\/comments?post=720"}],"version-history":[{"count":55,"href":"https:\/\/ogvalmennus.fi\/en\/wp-json\/wp\/v2\/pages\/720\/revisions"}],"predecessor-version":[{"id":1786,"href":"https:\/\/ogvalmennus.fi\/en\/wp-json\/wp\/v2\/pages\/720\/revisions\/1786"}],"wp:attachment":[{"href":"https:\/\/ogvalmennus.fi\/en\/wp-json\/wp\/v2\/media?parent=720"}],"curies":[{"name":"wp","href":"https:\/\/api.w.org\/{rel}","templated":true}]}}