{"id":586,"date":"2025-06-27T18:03:33","date_gmt":"2025-06-27T15:03:33","guid":{"rendered":"https:\/\/ogvalmennus.fi\/?page_id=586"},"modified":"2025-12-17T18:51:18","modified_gmt":"2025-12-17T15:51:18","slug":"og-valmennus","status":"publish","type":"page","link":"https:\/\/ogvalmennus.fi\/en\/","title":{"rendered":"OG Valmennus"},"content":{"rendered":"<div data-elementor-type=\"wp-page\" data-elementor-id=\"586\" class=\"elementor elementor-586\" data-elementor-post-type=\"page\">\n\t\t\t\t<div class=\"elementor-element elementor-element-d83eb31 e-flex e-con-boxed e-con e-parent\" data-id=\"d83eb31\" data-element_type=\"container\">\n\t\t\t\t\t<div class=\"e-con-inner\">\n\t\t\t\t<div class=\"elementor-element elementor-element-e09f4ce elementor-widget elementor-widget-image\" data-id=\"e09f4ce\" data-element_type=\"widget\" data-widget_type=\"image.default\">\n\t\t\t\t<div class=\"elementor-widget-container\">\n\t\t\t\t\t\t\t\t\t\t\t\t\t\t\t<img fetchpriority=\"high\" decoding=\"async\" width=\"800\" height=\"534\" src=\"https:\/\/ogvalmennus.fi\/wp-content\/uploads\/2025\/06\/OG_web-1-3.jpg\" class=\"attachment-large size-large wp-image-749\" alt=\"\" srcset=\"https:\/\/ogvalmennus.fi\/wp-content\/uploads\/2025\/06\/OG_web-1-3.jpg 1024w, https:\/\/ogvalmennus.fi\/wp-content\/uploads\/2025\/06\/OG_web-1-3-300x200.jpg 300w, https:\/\/ogvalmennus.fi\/wp-content\/uploads\/2025\/06\/OG_web-1-3-18x12.jpg 18w\" sizes=\"(max-width: 800px) 100vw, 800px\" \/>\t\t\t\t\t\t\t\t\t\t\t\t\t\t\t<\/div>\n\t\t\t\t<\/div>\n\t\t\t\t<div class=\"elementor-element elementor-element-d733c67 elementor-widget-divider--separator-type-pattern elementor-widget-divider--no-spacing elementor-widget-divider--view-line elementor-widget elementor-widget-divider\" data-id=\"d733c67\" data-element_type=\"widget\" data-widget_type=\"divider.default\">\n\t\t\t\t<div class=\"elementor-widget-container\">\n\t\t\t\t\t\t\t<div class=\"elementor-divider\" style=\"--divider-pattern-url: url(&quot;data:image\/svg+xml,%3Csvg xmlns=&#039;http:\/\/www.w3.org\/2000\/svg&#039; preserveAspectRatio=&#039;xMidYMid meet&#039; overflow=&#039;visible&#039; height=&#039;100%&#039; viewBox=&#039;0 0 126 26&#039; fill=&#039;black&#039; stroke=&#039;none&#039;%3E%3Cpath d=&#039;M111.9,18.3v3.4H109v-3.4H111.9z M90.8,18.3v3.4H88v-3.4H90.8z M69.8,18.3v3.4h-2.9v-3.4H69.8z M48.8,18.3v3.4h-2.9v-3.4H48.8z M27.7,18.3v3.4h-2.9v-3.4H27.7z M6.7,18.3v3.4H3.8v-3.4H6.7z M46.4,4l4.3,4.8l-1.8,0l3.5,4.4l-2.2-0.1l3,3.3l-11,0.4l3.6-3.8l-2.9-0.1l3.1-4.2l-1.9,0L46.4,4z M111.4,4l2.4,4.8l-1.8,0l3.5,4.4l-2.5-0.1l3.3,3.3h-11l3.1-3.4l-2.5-0.1l3.1-4.2l-1.9,0L111.4,4z M89.9,4l2.9,4.8l-1.9,0l3.2,4.2l-2.5,0l3.5,3.5l-11-0.4l3-3.1l-2.4,0L88,8.8l-1.9,0L89.9,4z M68.6,4l3,4.4l-1.9,0.1l3.4,4.1l-2.7,0.1l3.8,3.7H63.8l2.9-3.6l-2.9,0.1L67,8.7l-2,0.1L68.6,4z M26.5,4l3,4.4l-1.9,0.1l3.7,4.7l-2.5-0.1l3.3,3.3H21l3.1-3.4l-2.5-0.1l3.2-4.3l-2,0.1L26.5,4z M4.9,4l3.7,4.8l-1.5,0l3.1,4.2L7.6,13l3.4,3.4H0l3-3.3l-2.3,0.1l3.5-4.4l-2.3,0L4.9,4z&#039;\/%3E%3C\/svg%3E&quot;);\">\n\t\t\t<span class=\"elementor-divider-separator\">\n\t\t\t\t\t\t<\/span>\n\t\t<\/div>\n\t\t\t\t\t\t<\/div>\n\t\t\t\t<\/div>\n\t\t<div class=\"elementor-element elementor-element-e81ad54 e-con-full e-flex e-con e-child\" data-id=\"e81ad54\" data-element_type=\"container\">\n\t\t\t\t<div class=\"elementor-element elementor-element-c5f0dc4 elementor-widget elementor-widget-text-editor\" data-id=\"c5f0dc4\" data-element_type=\"widget\" data-widget_type=\"text-editor.default\">\n\t\t\t\t<div class=\"elementor-widget-container\">\n\t\t\t\t\t\t\t\t\t<h1 class=\"wp-block-heading\">Mindfully supporting change<\/h1><p>Constant striving, exhaustion, and overload can drain your energy, even if you\u2019re aiming for a balanced life. We help you find sustainable wellbeing \u2013 without extreme changes or strict rules.<\/p><p>Wellbeing doesn\u2019t come from perfect performance, but from flexibility, recovery, and choices that suit you. Our coaching, grounded in psychological and psychotherapeutic insight, supports your work endurance, recovery, and lifestyle changes in a way that creates lasting impact.<\/p>\t\t\t\t\t\t\t\t<\/div>\n\t\t\t\t<\/div>\n\t\t\t\t<div class=\"elementor-element elementor-element-2612046 elementor-widget elementor-widget-text-editor\" data-id=\"2612046\" data-element_type=\"widget\" data-widget_type=\"text-editor.default\">\n\t\t\t\t<div class=\"elementor-widget-container\">\n\t\t\t\t\t\t\t\t\t<h2 class=\"wp-block-heading\">Maksuton 30 min tutustumiskeskustelu<\/h2><p>Saat meilt\u00e4 maksuttoman 30 min tutustumiskeskustelun! K\u00e4yd\u00e4\u00e4n rauhassa l\u00e4pi tilanteesi ja katsotaan, mik\u00e4 valmennusvaihtoehto sopii sinulle. Ei sitoumusta.<\/p>\t\t\t\t\t\t\t\t<\/div>\n\t\t\t\t<\/div>\n\t\t\t\t<div class=\"elementor-element elementor-element-a9f1d19 elementor-align-left elementor-widget elementor-widget-button\" data-id=\"a9f1d19\" data-element_type=\"widget\" data-widget_type=\"button.default\">\n\t\t\t\t<div class=\"elementor-widget-container\">\n\t\t\t\t\t\t\t\t\t<div class=\"elementor-button-wrapper\">\n\t\t\t\t\t<a class=\"elementor-button elementor-button-link elementor-size-sm\" href=\"mailto:info@ogvalmennus.fi\">\n\t\t\t\t\t\t<span class=\"elementor-button-content-wrapper\">\n\t\t\t\t\t\t\t\t\t<span class=\"elementor-button-text\">Varaa tutustumiskeskustelu<\/span>\n\t\t\t\t\t<\/span>\n\t\t\t\t\t<\/a>\n\t\t\t\t<\/div>\n\t\t\t\t\t\t\t\t<\/div>\n\t\t\t\t<\/div>\n\t\t\t\t<div class=\"elementor-element elementor-element-3444491 elementor-widget elementor-widget-text-editor\" data-id=\"3444491\" data-element_type=\"widget\" data-widget_type=\"text-editor.default\">\n\t\t\t\t<div class=\"elementor-widget-container\">\n\t\t\t\t\t\t\t\t\t<h2 class=\"wp-block-heading\">Our coaching:<\/h2>\t\t\t\t\t\t\t\t<\/div>\n\t\t\t\t<\/div>\n\t\t\t\t<\/div>\n\t\t\t\t\t<\/div>\n\t\t\t\t<\/div>\n\t\t<div class=\"elementor-element elementor-element-cf27cd9 e-grid e-con-boxed e-con e-parent\" data-id=\"cf27cd9\" data-element_type=\"container\">\n\t\t\t\t\t<div class=\"e-con-inner\">\n\t\t\t\t<div class=\"elementor-element elementor-element-81ed1e5 elementor-widget elementor-widget-wpzoom-elementor-addons-image-box\" data-id=\"81ed1e5\" data-element_type=\"widget\" data-widget_type=\"wpzoom-elementor-addons-image-box.default\">\n\t\t\t\t<div class=\"elementor-widget-container\">\n\t\t\t\t\t\t\t<div class=\"wpzoom-elementor-addons-image-box\">\n\t\t\t<h3>\n\t\t\t\t<a href=\"\/en\/yksilovalmennus\/\" class=\"wpzoom-elementor-addons-image-box-link is-linked has-image\" style=\"background-image:url('https:\/\/ogvalmennus.fi\/wp-content\/uploads\/2025\/06\/AdobeStock_1203785291web.jpg');\"><span>INDIVIDUAL COACHING<\/span><\/a>\t\t\t<\/h3>\n\t\t<\/div><!-- \/\/.wpzoom-elementor-addons-image-box -->\n\t\t\t\t\t\t<\/div>\n\t\t\t\t<\/div>\n\t\t\t\t<div class=\"elementor-element elementor-element-ce346f0 elementor-widget elementor-widget-wpzoom-elementor-addons-image-box\" data-id=\"ce346f0\" data-element_type=\"widget\" data-widget_type=\"wpzoom-elementor-addons-image-box.default\">\n\t\t\t\t<div class=\"elementor-widget-container\">\n\t\t\t\t\t\t\t<div class=\"wpzoom-elementor-addons-image-box\">\n\t\t\t<h3>\n\t\t\t\t<a href=\"\/en\/yritysvalmennus\/\" class=\"wpzoom-elementor-addons-image-box-link is-linked has-image\" style=\"background-image:url('https:\/\/ogvalmennus.fi\/wp-content\/uploads\/2025\/06\/AdobeStock_1156351118web.jpg');\"><span>CORPORATE COACHING<\/span><\/a>\t\t\t<\/h3>\n\t\t<\/div><!-- \/\/.wpzoom-elementor-addons-image-box -->\n\t\t\t\t\t\t<\/div>\n\t\t\t\t<\/div>\n\t\t\t\t\t<\/div>\n\t\t\t\t<\/div>\n\t\t<div class=\"elementor-element elementor-element-9f5a545 e-grid e-con-boxed e-con e-parent\" data-id=\"9f5a545\" data-element_type=\"container\">\n\t\t\t\t\t<div class=\"e-con-inner\">\n\t\t\t\t<div class=\"elementor-element elementor-element-fa6313d elementor-widget-divider--separator-type-pattern elementor-widget-divider--no-spacing elementor-widget-divider--view-line elementor-widget elementor-widget-divider\" data-id=\"fa6313d\" data-element_type=\"widget\" data-widget_type=\"divider.default\">\n\t\t\t\t<div class=\"elementor-widget-container\">\n\t\t\t\t\t\t\t<div class=\"elementor-divider\" style=\"--divider-pattern-url: url(&quot;data:image\/svg+xml,%3Csvg xmlns=&#039;http:\/\/www.w3.org\/2000\/svg&#039; preserveAspectRatio=&#039;xMidYMid meet&#039; overflow=&#039;visible&#039; height=&#039;100%&#039; viewBox=&#039;0 0 126 26&#039; fill=&#039;black&#039; stroke=&#039;none&#039;%3E%3Cpath d=&#039;M111.9,18.3v3.4H109v-3.4H111.9z M90.8,18.3v3.4H88v-3.4H90.8z M69.8,18.3v3.4h-2.9v-3.4H69.8z M48.8,18.3v3.4h-2.9v-3.4H48.8z M27.7,18.3v3.4h-2.9v-3.4H27.7z M6.7,18.3v3.4H3.8v-3.4H6.7z M46.4,4l4.3,4.8l-1.8,0l3.5,4.4l-2.2-0.1l3,3.3l-11,0.4l3.6-3.8l-2.9-0.1l3.1-4.2l-1.9,0L46.4,4z M111.4,4l2.4,4.8l-1.8,0l3.5,4.4l-2.5-0.1l3.3,3.3h-11l3.1-3.4l-2.5-0.1l3.1-4.2l-1.9,0L111.4,4z M89.9,4l2.9,4.8l-1.9,0l3.2,4.2l-2.5,0l3.5,3.5l-11-0.4l3-3.1l-2.4,0L88,8.8l-1.9,0L89.9,4z M68.6,4l3,4.4l-1.9,0.1l3.4,4.1l-2.7,0.1l3.8,3.7H63.8l2.9-3.6l-2.9,0.1L67,8.7l-2,0.1L68.6,4z M26.5,4l3,4.4l-1.9,0.1l3.7,4.7l-2.5-0.1l3.3,3.3H21l3.1-3.4l-2.5-0.1l3.2-4.3l-2,0.1L26.5,4z M4.9,4l3.7,4.8l-1.5,0l3.1,4.2L7.6,13l3.4,3.4H0l3-3.3l-2.3,0.1l3.5-4.4l-2.3,0L4.9,4z&#039;\/%3E%3C\/svg%3E&quot;);\">\n\t\t\t<span class=\"elementor-divider-separator\">\n\t\t\t\t\t\t<\/span>\n\t\t<\/div>\n\t\t\t\t\t\t<\/div>\n\t\t\t\t<\/div>\n\t\t\t\t\t<\/div>\n\t\t\t\t<\/div>\n\t\t\t\t<\/div>","protected":false},"excerpt":{"rendered":"<p>Mieli mukana muutoksessa Jatkuva suorittaminen, ylikuormitus ja uupumus voivat vied\u00e4 voimia, vaikka haluaisit el\u00e4\u00e4 tasapainoista el\u00e4m\u00e4\u00e4. Me autamme sinua l\u00f6yt\u00e4m\u00e4\u00e4n kest\u00e4v\u00e4n hyvinvoinnin \u2013 ilman \u00e4\u00e4rimm\u00e4isi\u00e4 muutoksia tai tiukkoja s\u00e4\u00e4nt\u00f6j\u00e4. Hyvinvointi ei synny t\u00e4ydellisist\u00e4 suorituksista, vaan joustavuudesta, palautumisesta ja itselle sopivista valinnoista. Psykologiseen ja psykoterapeuttiseen ymm\u00e4rrykseen perustuva valmennuksemme tukee ty\u00f6ss\u00e4 jaksamista, palautumista ja el\u00e4m\u00e4ntapamuutoksia tavalla, joka [&hellip;]<\/p>","protected":false},"author":2,"featured_media":0,"parent":0,"menu_order":0,"comment_status":"closed","ping_status":"closed","template":"","meta":{"footnotes":""},"class_list":["post-586","page","type-page","status-publish","hentry"],"yoast_head":"<!-- This site is optimized with the Yoast SEO plugin v26.6 - https:\/\/yoast.com\/wordpress\/plugins\/seo\/ -->\n<title>OG Valmennus \u2013 kest\u00e4v\u00e4\u00e4 hyvinvointia ilman suorittamista<\/title>\n<meta name=\"description\" content=\"OG Valmennus tukee palautumista, jaksamista ja el\u00e4m\u00e4ntapamuutoksia psykologisen ja k\u00e4yt\u00e4nn\u00f6nl\u00e4heisen valmennuksen avulla.\" \/>\n<meta name=\"robots\" content=\"index, follow, max-snippet:-1, max-image-preview:large, max-video-preview:-1\" \/>\n<link rel=\"canonical\" href=\"https:\/\/ogvalmennus.fi\/en\/\" \/>\n<meta property=\"og:locale\" content=\"en_US\" \/>\n<meta property=\"og:type\" content=\"article\" \/>\n<meta property=\"og:title\" content=\"OG Valmennus \u2013 kest\u00e4v\u00e4\u00e4 hyvinvointia ilman suorittamista\" \/>\n<meta property=\"og:description\" content=\"OG Valmennus tukee palautumista, jaksamista ja el\u00e4m\u00e4ntapamuutoksia psykologisen ja k\u00e4yt\u00e4nn\u00f6nl\u00e4heisen valmennuksen avulla.\" \/>\n<meta property=\"og:url\" content=\"https:\/\/ogvalmennus.fi\/en\/\" \/>\n<meta property=\"og:site_name\" content=\"OG Valmennus\" \/>\n<meta property=\"article:modified_time\" content=\"2025-12-17T15:51:18+00:00\" \/>\n<meta property=\"og:image\" content=\"https:\/\/ogvalmennus.fi\/wp-content\/uploads\/2025\/06\/OG_web-1-3.jpg\" \/>\n\t<meta property=\"og:image:width\" content=\"1024\" \/>\n\t<meta property=\"og:image:height\" content=\"683\" \/>\n\t<meta property=\"og:image:type\" content=\"image\/jpeg\" \/>\n<meta name=\"twitter:card\" content=\"summary_large_image\" \/>\n<meta name=\"twitter:label1\" content=\"Est. reading time\" \/>\n\t<meta name=\"twitter:data1\" content=\"1 minute\" \/>\n<script type=\"application\/ld+json\" class=\"yoast-schema-graph\">{\"@context\":\"https:\/\/schema.org\",\"@graph\":[{\"@type\":\"WebPage\",\"@id\":\"https:\/\/ogvalmennus.fi\/\",\"url\":\"https:\/\/ogvalmennus.fi\/\",\"name\":\"OG Valmennus \u2013 kest\u00e4v\u00e4\u00e4 hyvinvointia ilman suorittamista\",\"isPartOf\":{\"@id\":\"https:\/\/ogvalmennus.fi\/#website\"},\"primaryImageOfPage\":{\"@id\":\"https:\/\/ogvalmennus.fi\/#primaryimage\"},\"image\":{\"@id\":\"https:\/\/ogvalmennus.fi\/#primaryimage\"},\"thumbnailUrl\":\"https:\/\/ogvalmennus.fi\/wp-content\/uploads\/2025\/06\/OG_web-1-3.jpg\",\"datePublished\":\"2025-06-27T15:03:33+00:00\",\"dateModified\":\"2025-12-17T15:51:18+00:00\",\"description\":\"OG Valmennus tukee palautumista, jaksamista ja el\u00e4m\u00e4ntapamuutoksia psykologisen ja k\u00e4yt\u00e4nn\u00f6nl\u00e4heisen valmennuksen avulla.\",\"breadcrumb\":{\"@id\":\"https:\/\/ogvalmennus.fi\/#breadcrumb\"},\"inLanguage\":\"en-US\",\"potentialAction\":[{\"@type\":\"ReadAction\",\"target\":[\"https:\/\/ogvalmennus.fi\/\"]}]},{\"@type\":\"ImageObject\",\"inLanguage\":\"en-US\",\"@id\":\"https:\/\/ogvalmennus.fi\/#primaryimage\",\"url\":\"https:\/\/ogvalmennus.fi\/wp-content\/uploads\/2025\/06\/OG_web-1-3.jpg\",\"contentUrl\":\"https:\/\/ogvalmennus.fi\/wp-content\/uploads\/2025\/06\/OG_web-1-3.jpg\"},{\"@type\":\"BreadcrumbList\",\"@id\":\"https:\/\/ogvalmennus.fi\/#breadcrumb\",\"itemListElement\":[{\"@type\":\"ListItem\",\"position\":1,\"name\":\"Home\",\"item\":\"https:\/\/ogvalmennus.fi\/\"},{\"@type\":\"ListItem\",\"position\":2,\"name\":\"OG Valmennus\"}]},{\"@type\":\"WebSite\",\"@id\":\"https:\/\/ogvalmennus.fi\/#website\",\"url\":\"https:\/\/ogvalmennus.fi\/\",\"name\":\"OG Valmennus\",\"description\":\"Valmennus, joka tukee palautumista, ty\u00f6ss\u00e4 jaksamista ja el\u00e4m\u00e4ntapamuutoksia ilman \u00e4\u00e4rimm\u00e4isi\u00e4 muutoksia. Kest\u00e4v\u00e4 hyvinvointi tasapainossa.\",\"publisher\":{\"@id\":\"https:\/\/ogvalmennus.fi\/#organization\"},\"potentialAction\":[{\"@type\":\"SearchAction\",\"target\":{\"@type\":\"EntryPoint\",\"urlTemplate\":\"https:\/\/ogvalmennus.fi\/?s={search_term_string}\"},\"query-input\":{\"@type\":\"PropertyValueSpecification\",\"valueRequired\":true,\"valueName\":\"search_term_string\"}}],\"inLanguage\":\"en-US\"},{\"@type\":\"Organization\",\"@id\":\"https:\/\/ogvalmennus.fi\/#organization\",\"name\":\"OG Valmennus\",\"url\":\"https:\/\/ogvalmennus.fi\/\",\"logo\":{\"@type\":\"ImageObject\",\"inLanguage\":\"en-US\",\"@id\":\"https:\/\/ogvalmennus.fi\/#\/schema\/logo\/image\/\",\"url\":\"https:\/\/ogvalmennus.fi\/wp-content\/uploads\/2025\/04\/OG_valmennus_logo_nega.png\",\"contentUrl\":\"https:\/\/ogvalmennus.fi\/wp-content\/uploads\/2025\/04\/OG_valmennus_logo_nega.png\",\"width\":1025,\"height\":769,\"caption\":\"OG Valmennus\"},\"image\":{\"@id\":\"https:\/\/ogvalmennus.fi\/#\/schema\/logo\/image\/\"}}]}<\/script>\n<!-- \/ Yoast SEO plugin. -->","yoast_head_json":{"title":"OG Valmennus \u2013 kest\u00e4v\u00e4\u00e4 hyvinvointia ilman suorittamista","description":"OG Valmennus tukee palautumista, jaksamista ja el\u00e4m\u00e4ntapamuutoksia psykologisen ja k\u00e4yt\u00e4nn\u00f6nl\u00e4heisen valmennuksen avulla.","robots":{"index":"index","follow":"follow","max-snippet":"max-snippet:-1","max-image-preview":"max-image-preview:large","max-video-preview":"max-video-preview:-1"},"canonical":"https:\/\/ogvalmennus.fi\/en\/","og_locale":"en_US","og_type":"article","og_title":"OG Valmennus \u2013 kest\u00e4v\u00e4\u00e4 hyvinvointia ilman suorittamista","og_description":"OG Valmennus tukee palautumista, jaksamista ja el\u00e4m\u00e4ntapamuutoksia psykologisen ja k\u00e4yt\u00e4nn\u00f6nl\u00e4heisen valmennuksen avulla.","og_url":"https:\/\/ogvalmennus.fi\/en\/","og_site_name":"OG Valmennus","article_modified_time":"2025-12-17T15:51:18+00:00","og_image":[{"width":1024,"height":683,"url":"https:\/\/ogvalmennus.fi\/wp-content\/uploads\/2025\/06\/OG_web-1-3.jpg","type":"image\/jpeg"}],"twitter_card":"summary_large_image","twitter_misc":{"Est. reading time":"1 minute"},"schema":{"@context":"https:\/\/schema.org","@graph":[{"@type":"WebPage","@id":"https:\/\/ogvalmennus.fi\/","url":"https:\/\/ogvalmennus.fi\/","name":"OG Valmennus \u2013 kest\u00e4v\u00e4\u00e4 hyvinvointia ilman suorittamista","isPartOf":{"@id":"https:\/\/ogvalmennus.fi\/#website"},"primaryImageOfPage":{"@id":"https:\/\/ogvalmennus.fi\/#primaryimage"},"image":{"@id":"https:\/\/ogvalmennus.fi\/#primaryimage"},"thumbnailUrl":"https:\/\/ogvalmennus.fi\/wp-content\/uploads\/2025\/06\/OG_web-1-3.jpg","datePublished":"2025-06-27T15:03:33+00:00","dateModified":"2025-12-17T15:51:18+00:00","description":"OG Valmennus tukee palautumista, jaksamista ja el\u00e4m\u00e4ntapamuutoksia psykologisen ja k\u00e4yt\u00e4nn\u00f6nl\u00e4heisen valmennuksen avulla.","breadcrumb":{"@id":"https:\/\/ogvalmennus.fi\/#breadcrumb"},"inLanguage":"en-US","potentialAction":[{"@type":"ReadAction","target":["https:\/\/ogvalmennus.fi\/"]}]},{"@type":"ImageObject","inLanguage":"en-US","@id":"https:\/\/ogvalmennus.fi\/#primaryimage","url":"https:\/\/ogvalmennus.fi\/wp-content\/uploads\/2025\/06\/OG_web-1-3.jpg","contentUrl":"https:\/\/ogvalmennus.fi\/wp-content\/uploads\/2025\/06\/OG_web-1-3.jpg"},{"@type":"BreadcrumbList","@id":"https:\/\/ogvalmennus.fi\/#breadcrumb","itemListElement":[{"@type":"ListItem","position":1,"name":"Home","item":"https:\/\/ogvalmennus.fi\/"},{"@type":"ListItem","position":2,"name":"OG Valmennus"}]},{"@type":"WebSite","@id":"https:\/\/ogvalmennus.fi\/#website","url":"https:\/\/ogvalmennus.fi\/","name":"OG Valmennus","description":"Valmennus, joka tukee palautumista, ty\u00f6ss\u00e4 jaksamista ja el\u00e4m\u00e4ntapamuutoksia ilman \u00e4\u00e4rimm\u00e4isi\u00e4 muutoksia. Kest\u00e4v\u00e4 hyvinvointi tasapainossa.","publisher":{"@id":"https:\/\/ogvalmennus.fi\/#organization"},"potentialAction":[{"@type":"SearchAction","target":{"@type":"EntryPoint","urlTemplate":"https:\/\/ogvalmennus.fi\/?s={search_term_string}"},"query-input":{"@type":"PropertyValueSpecification","valueRequired":true,"valueName":"search_term_string"}}],"inLanguage":"en-US"},{"@type":"Organization","@id":"https:\/\/ogvalmennus.fi\/#organization","name":"OG Valmennus","url":"https:\/\/ogvalmennus.fi\/","logo":{"@type":"ImageObject","inLanguage":"en-US","@id":"https:\/\/ogvalmennus.fi\/#\/schema\/logo\/image\/","url":"https:\/\/ogvalmennus.fi\/wp-content\/uploads\/2025\/04\/OG_valmennus_logo_nega.png","contentUrl":"https:\/\/ogvalmennus.fi\/wp-content\/uploads\/2025\/04\/OG_valmennus_logo_nega.png","width":1025,"height":769,"caption":"OG Valmennus"},"image":{"@id":"https:\/\/ogvalmennus.fi\/#\/schema\/logo\/image\/"}}]}},"_links":{"self":[{"href":"https:\/\/ogvalmennus.fi\/en\/wp-json\/wp\/v2\/pages\/586","targetHints":{"allow":["GET"]}}],"collection":[{"href":"https:\/\/ogvalmennus.fi\/en\/wp-json\/wp\/v2\/pages"}],"about":[{"href":"https:\/\/ogvalmennus.fi\/en\/wp-json\/wp\/v2\/types\/page"}],"author":[{"embeddable":true,"href":"https:\/\/ogvalmennus.fi\/en\/wp-json\/wp\/v2\/users\/2"}],"replies":[{"embeddable":true,"href":"https:\/\/ogvalmennus.fi\/en\/wp-json\/wp\/v2\/comments?post=586"}],"version-history":[{"count":117,"href":"https:\/\/ogvalmennus.fi\/en\/wp-json\/wp\/v2\/pages\/586\/revisions"}],"predecessor-version":[{"id":1915,"href":"https:\/\/ogvalmennus.fi\/en\/wp-json\/wp\/v2\/pages\/586\/revisions\/1915"}],"wp:attachment":[{"href":"https:\/\/ogvalmennus.fi\/en\/wp-json\/wp\/v2\/media?parent=586"}],"curies":[{"name":"wp","href":"https:\/\/api.w.org\/{rel}","templated":true}]}}