{"id":1360,"date":"2025-07-04T09:56:45","date_gmt":"2025-07-04T06:56:45","guid":{"rendered":"https:\/\/ogvalmennus.fi\/?page_id=1360"},"modified":"2025-10-21T15:28:20","modified_gmt":"2025-10-21T12:28:20","slug":"tietosuojaseloste","status":"publish","type":"page","link":"https:\/\/ogvalmennus.fi\/en\/tietosuojaseloste\/","title":{"rendered":"Privacy policy"},"content":{"rendered":"<div data-elementor-type=\"wp-page\" data-elementor-id=\"1360\" class=\"elementor elementor-1360\" data-elementor-post-type=\"page\">\n\t\t\t\t<div class=\"elementor-element elementor-element-8083548 e-flex e-con-boxed e-con e-parent\" data-id=\"8083548\" data-element_type=\"container\">\n\t\t\t\t\t<div class=\"e-con-inner\">\n\t\t\t\t\t<\/div>\n\t\t\t\t<\/div>\n\t\t<div class=\"elementor-element elementor-element-7cc747d3 e-flex e-con-boxed e-con e-parent\" data-id=\"7cc747d3\" data-element_type=\"container\">\n\t\t\t\t\t<div class=\"e-con-inner\">\n\t\t\t\t<div class=\"elementor-element elementor-element-4b478eb elementor-widget-divider--separator-type-pattern elementor-widget-divider--no-spacing elementor-widget-divider--view-line elementor-widget elementor-widget-divider\" data-id=\"4b478eb\" data-element_type=\"widget\" data-widget_type=\"divider.default\">\n\t\t\t\t<div class=\"elementor-widget-container\">\n\t\t\t\t\t\t\t<div class=\"elementor-divider\" style=\"--divider-pattern-url: url(&quot;data:image\/svg+xml,%3Csvg xmlns=&#039;http:\/\/www.w3.org\/2000\/svg&#039; preserveAspectRatio=&#039;xMidYMid meet&#039; overflow=&#039;visible&#039; height=&#039;100%&#039; viewBox=&#039;0 0 126 26&#039; fill=&#039;black&#039; stroke=&#039;none&#039;%3E%3Cpath d=&#039;M111.9,18.3v3.4H109v-3.4H111.9z M90.8,18.3v3.4H88v-3.4H90.8z M69.8,18.3v3.4h-2.9v-3.4H69.8z M48.8,18.3v3.4h-2.9v-3.4H48.8z M27.7,18.3v3.4h-2.9v-3.4H27.7z M6.7,18.3v3.4H3.8v-3.4H6.7z M46.4,4l4.3,4.8l-1.8,0l3.5,4.4l-2.2-0.1l3,3.3l-11,0.4l3.6-3.8l-2.9-0.1l3.1-4.2l-1.9,0L46.4,4z M111.4,4l2.4,4.8l-1.8,0l3.5,4.4l-2.5-0.1l3.3,3.3h-11l3.1-3.4l-2.5-0.1l3.1-4.2l-1.9,0L111.4,4z M89.9,4l2.9,4.8l-1.9,0l3.2,4.2l-2.5,0l3.5,3.5l-11-0.4l3-3.1l-2.4,0L88,8.8l-1.9,0L89.9,4z M68.6,4l3,4.4l-1.9,0.1l3.4,4.1l-2.7,0.1l3.8,3.7H63.8l2.9-3.6l-2.9,0.1L67,8.7l-2,0.1L68.6,4z M26.5,4l3,4.4l-1.9,0.1l3.7,4.7l-2.5-0.1l3.3,3.3H21l3.1-3.4l-2.5-0.1l3.2-4.3l-2,0.1L26.5,4z M4.9,4l3.7,4.8l-1.5,0l3.1,4.2L7.6,13l3.4,3.4H0l3-3.3l-2.3,0.1l3.5-4.4l-2.3,0L4.9,4z&#039;\/%3E%3C\/svg%3E&quot;);\">\n\t\t\t<span class=\"elementor-divider-separator\">\n\t\t\t\t\t\t<\/span>\n\t\t<\/div>\n\t\t\t\t\t\t<\/div>\n\t\t\t\t<\/div>\n\t\t\t\t<div class=\"elementor-element elementor-element-555e06e3 elementor-widget elementor-widget-text-editor\" data-id=\"555e06e3\" data-element_type=\"widget\" data-widget_type=\"text-editor.default\">\n\t\t\t\t<div class=\"elementor-widget-container\">\n\t\t\t\t\t\t\t\t\t<h2 data-start=\"194\" data-end=\"229\">Privacy policy - OG Valmennus<\/h2>\n<p data-start=\"231\" data-end=\"251\">Updated 4.7.2025<\/p>\n<p data-start=\"253\" data-end=\"354\">This privacy policy explains how OG Valmennus processes personal data on its website.<\/p>\n<h3 data-start=\"361\" data-end=\"386\">1. Data Controller<\/h3>\n<p data-start=\"387\" data-end=\"502\">OG Valmennus<br data-start=\"399\" data-end=\"402\" \/>Business ID: 3543440-7<br data-start=\"421\" data-end=\"424\" \/>Email: info@ogvalmennus.fi<\/p>\n<h3 data-start=\"635\" data-end=\"659\">2. Name of the Register<\/h3>\n<p data-start=\"660\" data-end=\"707\">User register of OG Valmennus\u2019 website<\/p>\n<h3 data-start=\"714\" data-end=\"776\">3. Purpose and Legal Basis for Processing Personal Data<\/h3>\n<p data-start=\"777\" data-end=\"1024\">Visitor data is collected via cookies through Google Analytics in order to analyse and improve the website.<br data-start=\"910\" data-end=\"913\" \/>The legal basis for processing is the controller\u2019s legitimate interest (EU General Data Protection Regulation, Article 6(1)(f)).<\/p>\n<h3 data-start=\"1031\" data-end=\"1063\">4. Data Content of the Register<\/h3>\n<p data-start=\"1064\" data-end=\"1158\">The collected data is anonymous and does not identify individual users.<br data-start=\"1128\" data-end=\"1131\" \/>Such data includes, for example:<\/p>\n<ul>\n<li data-start=\"1161\" data-end=\"1185\">IP address (anonymized)<\/li>\n<li data-start=\"1188\" data-end=\"1210\">Browser and device information<\/li>\n<li data-start=\"1213\" data-end=\"1240\">Time and duration of visits<\/li>\n<li data-start=\"1243\" data-end=\"1262\">Page navigation paths<\/li>\n<\/ul>\n<h3 data-start=\"1269\" data-end=\"1306\">5. Regular Sources of Data<\/h3>\n<p data-start=\"1307\" data-end=\"1414\">Data is collected via cookies stored on the user\u2019s device by the browser.<\/p>\n<h3 data-start=\"1421\" data-end=\"1451\">6. Data Retention Period<\/h3>\n<p data-start=\"1452\" data-end=\"1573\">Data is retained in the Google Analytics service for a maximum of 14 months for analysis purposes.<\/p>\n<h3 data-start=\"1580\" data-end=\"1620\">7. Data Disclosure and Transfers<\/h3>\n<p data-start=\"1621\" data-end=\"1839\">Data is processed through the Google Analytics service provided by Google LLC.\nData may be transferred outside the EU\/EEA, but such transfers are based on safeguards approved by the EU (e.g., standard contractual clauses).<\/p>\n<h3 data-start=\"1846\" data-end=\"1877\">8. Data Subject Rights<\/h3>\n<p data-start=\"1878\" data-end=\"1900\">Users have the right to:<\/p>\n<ul>\n<li data-start=\"1903\" data-end=\"1954\">Request information about the processing of their personal data<\/li>\n<li data-start=\"1957\" data-end=\"2014\">Object to the processing based on legitimate interest<\/li>\n<li data-start=\"2017\" data-end=\"2087\">Request the deletion of their data (insofar as the data qualifies as personal data)<\/li>\n<\/ul>\n<p data-start=\"2089\" data-end=\"2219\">Please note that the data collected via Google Analytics is anonymized by default and cannot be used to identify individual users.<\/p>\n<h3 data-start=\"2226\" data-end=\"2254\">9. Cookies<\/h3>\n<p data-start=\"2255\" data-end=\"2435\">This website uses cookies for visitor analytics (Google Analytics).\nUsers can block cookies in their browser settings or delete them at any time.<\/p>\n<h3 data-start=\"2442\" data-end=\"2470\">10. Data Security<\/h3>\n<p data-start=\"2471\" data-end=\"2630\">Data is processed in secure systems with access restricted to authorized personnel only. The website uses a secure HTTPS connection.<\/p>\n<p><!-- \/wp:paragraph --><!-- wp:heading --><!-- \/wp:paragraph --><!-- wp:buttons --><!-- \/wp:buttons --><!-- wp:paragraph --><!-- \/wp:paragraph --><!-- wp:paragraph --><!-- \/wp:paragraph --><\/p>\t\t\t\t\t\t\t\t<\/div>\n\t\t\t\t<\/div>\n\t\t\t\t<div class=\"elementor-element elementor-element-0ea6d71 elementor-widget-divider--separator-type-pattern elementor-widget-divider--no-spacing elementor-widget-divider--view-line elementor-widget elementor-widget-divider\" data-id=\"0ea6d71\" data-element_type=\"widget\" data-widget_type=\"divider.default\">\n\t\t\t\t<div class=\"elementor-widget-container\">\n\t\t\t\t\t\t\t<div class=\"elementor-divider\" style=\"--divider-pattern-url: url(&quot;data:image\/svg+xml,%3Csvg xmlns=&#039;http:\/\/www.w3.org\/2000\/svg&#039; preserveAspectRatio=&#039;xMidYMid meet&#039; overflow=&#039;visible&#039; height=&#039;100%&#039; viewBox=&#039;0 0 126 26&#039; fill=&#039;black&#039; stroke=&#039;none&#039;%3E%3Cpath d=&#039;M111.9,18.3v3.4H109v-3.4H111.9z M90.8,18.3v3.4H88v-3.4H90.8z M69.8,18.3v3.4h-2.9v-3.4H69.8z M48.8,18.3v3.4h-2.9v-3.4H48.8z M27.7,18.3v3.4h-2.9v-3.4H27.7z M6.7,18.3v3.4H3.8v-3.4H6.7z M46.4,4l4.3,4.8l-1.8,0l3.5,4.4l-2.2-0.1l3,3.3l-11,0.4l3.6-3.8l-2.9-0.1l3.1-4.2l-1.9,0L46.4,4z M111.4,4l2.4,4.8l-1.8,0l3.5,4.4l-2.5-0.1l3.3,3.3h-11l3.1-3.4l-2.5-0.1l3.1-4.2l-1.9,0L111.4,4z M89.9,4l2.9,4.8l-1.9,0l3.2,4.2l-2.5,0l3.5,3.5l-11-0.4l3-3.1l-2.4,0L88,8.8l-1.9,0L89.9,4z M68.6,4l3,4.4l-1.9,0.1l3.4,4.1l-2.7,0.1l3.8,3.7H63.8l2.9-3.6l-2.9,0.1L67,8.7l-2,0.1L68.6,4z M26.5,4l3,4.4l-1.9,0.1l3.7,4.7l-2.5-0.1l3.3,3.3H21l3.1-3.4l-2.5-0.1l3.2-4.3l-2,0.1L26.5,4z M4.9,4l3.7,4.8l-1.5,0l3.1,4.2L7.6,13l3.4,3.4H0l3-3.3l-2.3,0.1l3.5-4.4l-2.3,0L4.9,4z&#039;\/%3E%3C\/svg%3E&quot;);\">\n\t\t\t<span class=\"elementor-divider-separator\">\n\t\t\t\t\t\t<\/span>\n\t\t<\/div>\n\t\t\t\t\t\t<\/div>\n\t\t\t\t<\/div>\n\t\t\t\t\t<\/div>\n\t\t\t\t<\/div>\n\t\t\t\t<\/div>","protected":false},"excerpt":{"rendered":"<p>Tietosuojaseloste \u2013 OG Valmennus P\u00e4ivitetty: 4.7.2025 T\u00e4ss\u00e4 tietosuojaselosteessa kerrotaan, miten OG Valmennus k\u00e4sittelee henkil\u00f6tietoja verkkosivuillaan. 1. Rekisterinpit\u00e4j\u00e4 OG ValmennusY-tunnus: 3543440-7S\u00e4hk\u00f6posti: info@ogvalmennus.fi 2. Rekisterin nimi OG Valmennuksen verkkosivujen k\u00e4ytt\u00e4j\u00e4rekisteri 3. Henkil\u00f6tietojen k\u00e4sittelyn tarkoitus ja oikeusperuste Verkkosivujen k\u00e4vij\u00e4tietoja ker\u00e4t\u00e4\u00e4n ev\u00e4steiden avulla Google Analyticsin kautta sivuston kehitt\u00e4miseksi ja k\u00e4yt\u00f6n seuraamiseksi.Oikeusperusteena on rekisterinpit\u00e4j\u00e4n oikeutettu etu (EU:n yleinen tietosuoja-asetus, artikla [&hellip;]<\/p>","protected":false},"author":2,"featured_media":0,"parent":0,"menu_order":0,"comment_status":"closed","ping_status":"closed","template":"","meta":{"footnotes":""},"class_list":["post-1360","page","type-page","status-publish","hentry"],"yoast_head":"<!-- This site is optimized with the Yoast SEO plugin v26.6 - https:\/\/yoast.com\/wordpress\/plugins\/seo\/ -->\n<title>Tietosuojaseloste - OG Valmennus<\/title>\n<meta name=\"description\" content=\"Mielen asiantuntijoiden valmennus tukee uupumuksen ja stressin hallintaa sek\u00e4 pysyvien el\u00e4m\u00e4ntapamuutosten tekemist\u00e4 k\u00e4yt\u00e4nn\u00f6nl\u00e4heisesti.\" \/>\n<meta name=\"robots\" content=\"index, follow, max-snippet:-1, max-image-preview:large, max-video-preview:-1\" \/>\n<link rel=\"canonical\" href=\"https:\/\/ogvalmennus.fi\/en\/tietosuojaseloste\/\" \/>\n<meta property=\"og:locale\" content=\"en_US\" \/>\n<meta property=\"og:type\" content=\"article\" \/>\n<meta property=\"og:title\" content=\"Tietosuojaseloste - OG Valmennus\" \/>\n<meta property=\"og:description\" content=\"Mielen asiantuntijoiden valmennus tukee uupumuksen ja stressin hallintaa sek\u00e4 pysyvien el\u00e4m\u00e4ntapamuutosten tekemist\u00e4 k\u00e4yt\u00e4nn\u00f6nl\u00e4heisesti.\" \/>\n<meta property=\"og:url\" content=\"https:\/\/ogvalmennus.fi\/en\/tietosuojaseloste\/\" \/>\n<meta property=\"og:site_name\" content=\"OG Valmennus\" \/>\n<meta property=\"article:modified_time\" content=\"2025-10-21T12:28:20+00:00\" \/>\n<meta name=\"twitter:card\" content=\"summary_large_image\" \/>\n<meta name=\"twitter:label1\" content=\"Est. reading time\" \/>\n\t<meta name=\"twitter:data1\" content=\"1 minute\" \/>\n<script type=\"application\/ld+json\" class=\"yoast-schema-graph\">{\"@context\":\"https:\/\/schema.org\",\"@graph\":[{\"@type\":\"WebPage\",\"@id\":\"https:\/\/ogvalmennus.fi\/tietosuojaseloste\/\",\"url\":\"https:\/\/ogvalmennus.fi\/tietosuojaseloste\/\",\"name\":\"Tietosuojaseloste - OG Valmennus\",\"isPartOf\":{\"@id\":\"https:\/\/ogvalmennus.fi\/#website\"},\"datePublished\":\"2025-07-04T06:56:45+00:00\",\"dateModified\":\"2025-10-21T12:28:20+00:00\",\"description\":\"Mielen asiantuntijoiden valmennus tukee uupumuksen ja stressin hallintaa sek\u00e4 pysyvien el\u00e4m\u00e4ntapamuutosten tekemist\u00e4 k\u00e4yt\u00e4nn\u00f6nl\u00e4heisesti.\",\"breadcrumb\":{\"@id\":\"https:\/\/ogvalmennus.fi\/tietosuojaseloste\/#breadcrumb\"},\"inLanguage\":\"en-US\",\"potentialAction\":[{\"@type\":\"ReadAction\",\"target\":[\"https:\/\/ogvalmennus.fi\/tietosuojaseloste\/\"]}]},{\"@type\":\"BreadcrumbList\",\"@id\":\"https:\/\/ogvalmennus.fi\/tietosuojaseloste\/#breadcrumb\",\"itemListElement\":[{\"@type\":\"ListItem\",\"position\":1,\"name\":\"Home\",\"item\":\"https:\/\/ogvalmennus.fi\/\"},{\"@type\":\"ListItem\",\"position\":2,\"name\":\"Tietosuojaseloste\"}]},{\"@type\":\"WebSite\",\"@id\":\"https:\/\/ogvalmennus.fi\/#website\",\"url\":\"https:\/\/ogvalmennus.fi\/\",\"name\":\"OG Valmennus\",\"description\":\"Valmennus, joka tukee palautumista, ty\u00f6ss\u00e4 jaksamista ja el\u00e4m\u00e4ntapamuutoksia ilman \u00e4\u00e4rimm\u00e4isi\u00e4 muutoksia. Kest\u00e4v\u00e4 hyvinvointi tasapainossa.\",\"publisher\":{\"@id\":\"https:\/\/ogvalmennus.fi\/#organization\"},\"potentialAction\":[{\"@type\":\"SearchAction\",\"target\":{\"@type\":\"EntryPoint\",\"urlTemplate\":\"https:\/\/ogvalmennus.fi\/?s={search_term_string}\"},\"query-input\":{\"@type\":\"PropertyValueSpecification\",\"valueRequired\":true,\"valueName\":\"search_term_string\"}}],\"inLanguage\":\"en-US\"},{\"@type\":\"Organization\",\"@id\":\"https:\/\/ogvalmennus.fi\/#organization\",\"name\":\"OG Valmennus\",\"url\":\"https:\/\/ogvalmennus.fi\/\",\"logo\":{\"@type\":\"ImageObject\",\"inLanguage\":\"en-US\",\"@id\":\"https:\/\/ogvalmennus.fi\/#\/schema\/logo\/image\/\",\"url\":\"https:\/\/ogvalmennus.fi\/wp-content\/uploads\/2025\/04\/OG_valmennus_logo_nega.png\",\"contentUrl\":\"https:\/\/ogvalmennus.fi\/wp-content\/uploads\/2025\/04\/OG_valmennus_logo_nega.png\",\"width\":1025,\"height\":769,\"caption\":\"OG Valmennus\"},\"image\":{\"@id\":\"https:\/\/ogvalmennus.fi\/#\/schema\/logo\/image\/\"}}]}<\/script>\n<!-- \/ Yoast SEO plugin. -->","yoast_head_json":{"title":"Tietosuojaseloste - OG Valmennus","description":"Mielen asiantuntijoiden valmennus tukee uupumuksen ja stressin hallintaa sek\u00e4 pysyvien el\u00e4m\u00e4ntapamuutosten tekemist\u00e4 k\u00e4yt\u00e4nn\u00f6nl\u00e4heisesti.","robots":{"index":"index","follow":"follow","max-snippet":"max-snippet:-1","max-image-preview":"max-image-preview:large","max-video-preview":"max-video-preview:-1"},"canonical":"https:\/\/ogvalmennus.fi\/en\/tietosuojaseloste\/","og_locale":"en_US","og_type":"article","og_title":"Tietosuojaseloste - OG Valmennus","og_description":"Mielen asiantuntijoiden valmennus tukee uupumuksen ja stressin hallintaa sek\u00e4 pysyvien el\u00e4m\u00e4ntapamuutosten tekemist\u00e4 k\u00e4yt\u00e4nn\u00f6nl\u00e4heisesti.","og_url":"https:\/\/ogvalmennus.fi\/en\/tietosuojaseloste\/","og_site_name":"OG Valmennus","article_modified_time":"2025-10-21T12:28:20+00:00","twitter_card":"summary_large_image","twitter_misc":{"Est. reading time":"1 minute"},"schema":{"@context":"https:\/\/schema.org","@graph":[{"@type":"WebPage","@id":"https:\/\/ogvalmennus.fi\/tietosuojaseloste\/","url":"https:\/\/ogvalmennus.fi\/tietosuojaseloste\/","name":"Tietosuojaseloste - OG Valmennus","isPartOf":{"@id":"https:\/\/ogvalmennus.fi\/#website"},"datePublished":"2025-07-04T06:56:45+00:00","dateModified":"2025-10-21T12:28:20+00:00","description":"Mielen asiantuntijoiden valmennus tukee uupumuksen ja stressin hallintaa sek\u00e4 pysyvien el\u00e4m\u00e4ntapamuutosten tekemist\u00e4 k\u00e4yt\u00e4nn\u00f6nl\u00e4heisesti.","breadcrumb":{"@id":"https:\/\/ogvalmennus.fi\/tietosuojaseloste\/#breadcrumb"},"inLanguage":"en-US","potentialAction":[{"@type":"ReadAction","target":["https:\/\/ogvalmennus.fi\/tietosuojaseloste\/"]}]},{"@type":"BreadcrumbList","@id":"https:\/\/ogvalmennus.fi\/tietosuojaseloste\/#breadcrumb","itemListElement":[{"@type":"ListItem","position":1,"name":"Home","item":"https:\/\/ogvalmennus.fi\/"},{"@type":"ListItem","position":2,"name":"Tietosuojaseloste"}]},{"@type":"WebSite","@id":"https:\/\/ogvalmennus.fi\/#website","url":"https:\/\/ogvalmennus.fi\/","name":"OG Valmennus","description":"Valmennus, joka tukee palautumista, ty\u00f6ss\u00e4 jaksamista ja el\u00e4m\u00e4ntapamuutoksia ilman \u00e4\u00e4rimm\u00e4isi\u00e4 muutoksia. Kest\u00e4v\u00e4 hyvinvointi tasapainossa.","publisher":{"@id":"https:\/\/ogvalmennus.fi\/#organization"},"potentialAction":[{"@type":"SearchAction","target":{"@type":"EntryPoint","urlTemplate":"https:\/\/ogvalmennus.fi\/?s={search_term_string}"},"query-input":{"@type":"PropertyValueSpecification","valueRequired":true,"valueName":"search_term_string"}}],"inLanguage":"en-US"},{"@type":"Organization","@id":"https:\/\/ogvalmennus.fi\/#organization","name":"OG Valmennus","url":"https:\/\/ogvalmennus.fi\/","logo":{"@type":"ImageObject","inLanguage":"en-US","@id":"https:\/\/ogvalmennus.fi\/#\/schema\/logo\/image\/","url":"https:\/\/ogvalmennus.fi\/wp-content\/uploads\/2025\/04\/OG_valmennus_logo_nega.png","contentUrl":"https:\/\/ogvalmennus.fi\/wp-content\/uploads\/2025\/04\/OG_valmennus_logo_nega.png","width":1025,"height":769,"caption":"OG Valmennus"},"image":{"@id":"https:\/\/ogvalmennus.fi\/#\/schema\/logo\/image\/"}}]}},"_links":{"self":[{"href":"https:\/\/ogvalmennus.fi\/en\/wp-json\/wp\/v2\/pages\/1360","targetHints":{"allow":["GET"]}}],"collection":[{"href":"https:\/\/ogvalmennus.fi\/en\/wp-json\/wp\/v2\/pages"}],"about":[{"href":"https:\/\/ogvalmennus.fi\/en\/wp-json\/wp\/v2\/types\/page"}],"author":[{"embeddable":true,"href":"https:\/\/ogvalmennus.fi\/en\/wp-json\/wp\/v2\/users\/2"}],"replies":[{"embeddable":true,"href":"https:\/\/ogvalmennus.fi\/en\/wp-json\/wp\/v2\/comments?post=1360"}],"version-history":[{"count":22,"href":"https:\/\/ogvalmennus.fi\/en\/wp-json\/wp\/v2\/pages\/1360\/revisions"}],"predecessor-version":[{"id":1813,"href":"https:\/\/ogvalmennus.fi\/en\/wp-json\/wp\/v2\/pages\/1360\/revisions\/1813"}],"wp:attachment":[{"href":"https:\/\/ogvalmennus.fi\/en\/wp-json\/wp\/v2\/media?parent=1360"}],"curies":[{"name":"wp","href":"https:\/\/api.w.org\/{rel}","templated":true}]}}